{"id":13,"date":"2025-03-22T01:09:33","date_gmt":"2025-03-22T05:09:33","guid":{"rendered":"http:\/\/implantquiz.wpengine.com\/?page_id=13"},"modified":"2025-11-26T15:32:58","modified_gmt":"2025-11-26T20:32:58","slug":"quienes-somos","status":"publish","type":"page","link":"https:\/\/drdonaldrice.com\/es\/about-us\/","title":{"rendered":"Acerca de nosotros"},"content":{"rendered":"<section class=\"section\" id=\"section_719660093\">\n\t\t<div class=\"section-bg fill\" >\n\t\t\t\t\t\t\t\t\t\n\t\t\t\n\n\t\t<\/div>\n\n\t\t\n\n\t\t<div class=\"section-content relative\">\n\t\t\t\n<div class=\"container section-title-container\" ><h1 class=\"section-title section-title-bold-center\"><b aria-hidden=\"true\"><\/b><span class=\"section-title-main\" style=\"font-size:140%;\">Acerca de Donald R. Rice, doctor en odontolog\u00eda<\/span><b aria-hidden=\"true\"><\/b><\/h1><\/div>\n<div class=\"row align-center\"  id=\"row-1627537050\">\n\n\t<div id=\"col-1199439641\" class=\"col medium-9 small-12 large-9\"  >\n\t\t\t\t<div class=\"col-inner text-center\"  >\n\t\t\t\n\t\t\t\n\t<div id=\"text-1410931594\" class=\"text\">\n\t\t\n<p><strong>La misi\u00f3n de la Dra. Rice es sencilla:<\/strong> crear una consulta en la que los pacientes sean tratados como si fueran de la familia, donde la atenci\u00f3n nunca sea apresurada y donde la salud a largo plazo sea lo primero. Se esfuerza por combinar tecnolog\u00eda avanzada, minuciosa destreza y atenci\u00f3n personalizada para ofrecer resultados en los que los pacientes puedan confiar.<\/p>\n\t\t\n<style>\n#text-1410931594 {\n  font-size: 1.3rem;\n}\n<\/style>\n\t<\/div>\n\t\n\t\t<\/div>\n\t\t\t\t\t<\/div>\n\n\t\n<\/div>\n<div class=\"row\"  id=\"row-289923589\">\n\n\t<div id=\"col-577781912\" class=\"col medium-12 small-12 large-12\"  >\n\t\t\t\t<div class=\"col-inner\"  >\n\t\t\t\n\t\t\t\n<div class=\"row row-collapse align-middle align-center\"  id=\"row-484156935\">\n\n\t<div id=\"col-1161062404\" class=\"col medium-10 small-12 large-4\"  >\n\t\t\t\t<div class=\"col-inner\"  >\n\t\t\t\n\t\t\t\n\n  <div class=\"banner has-hover\" id=\"banner-1579087554\">\n          <div class=\"banner-inner fill\">\n        <div class=\"banner-bg fill\" >\n            <img loading=\"lazy\" decoding=\"async\" width=\"458\" height=\"458\" src=\"https:\/\/drdonaldrice.com\/wp-content\/uploads\/2025\/11\/Donald-R.-Rice-DDS-Denver-Dentist-4.jpg\" class=\"bg attachment-original size-original\" alt=\"Donald R. Rice, DDS - Dentista en Denver\" \/>                                    \n                    <\/div>\n\t\t\n        <div class=\"banner-layers container\">\n            <div class=\"fill banner-link\"><\/div>            \n        <\/div>\n      <\/div>\n\n            \n<style>\n#banner-1579087554 {\n  padding-top: 400px;\n  background-color: rgb(244, 244, 244);\n}\n#banner-1579087554 .banner-bg img {\n  object-position: 51% 100%;\n}\n@media (min-width:550px) {\n  #banner-1579087554 {\n    padding-top: 99%;\n  }\n}\n@media (min-width:850px) {\n  #banner-1579087554 {\n    padding-top: 109%;\n  }\n}\n<\/style>\n  <\/div>\n\n\n\t<div id=\"gap-1400955496\" class=\"gap-element clearfix\" style=\"display:block; height:auto;\">\n\t\t\n<style>\n#gap-1400955496 {\n  padding-top: 3px;\n}\n<\/style>\n\t<\/div>\n\t\n\t\t<\/div>\n\t\t\t\t\t<\/div>\n\n\t\n\n\t<div id=\"col-995384839\" class=\"col team-sorted-info medium-12 small-12 large-8\"  >\n\t\t\t\t<div class=\"col-inner\"  >\n\t\t\t\n\t\t\t\n\t<div id=\"text-1483620594\" class=\"text\">\n\t\t\n<h2>Dr. Donald R. Rice<\/h2>\n\t\t\n<style>\n#text-1483620594 {\n  font-size: 1.4rem;\n  color: rgb(51, 51, 51);\n}\n#text-1483620594 > * {\n  color: rgb(51, 51, 51);\n}\n<\/style>\n\t<\/div>\n\t\n<div class=\"is-divider divider clearfix\" ><\/div>\n<p>El Dr. Rice es un dentista de Denver con m\u00e1s de cuatro d\u00e9cadas de experiencia cl\u00ednica en odontolog\u00eda general, cosm\u00e9tica e implantes dentales. Se gradu\u00f3 en la Facultad de Odontolog\u00eda de la Universidad de Michigan y complet\u00f3 sus estudios universitarios en la Universidad de Utah, donde tambi\u00e9n jug\u00f3 al baloncesto universitario.<\/p>\n<p>Las afiliaciones profesionales incluyen la <a href=\"https:\/\/iamdi.org\/\" target=\"_blank\" rel=\"noopener\">Academia Internacional de Mini Implantes Dentales<\/a>, el <a href=\"https:\/\/findadentist.ada.org\/dentists\/dr-donald-r-rice-denver-0038V00002yjwkYQAQ-a1C8V00000lXSQrUAO\" target=\"_blank\" rel=\"noopener\">Asociaci\u00f3n Dental Americana<\/a>, el <a href=\"https:\/\/mddsdentist.com\/\" target=\"_blank\" rel=\"noopener\">Sociedad Dental Metropolitana<\/a>, y el <a href=\"https:\/\/w.faes.org\/home-new\" target=\"_blank\" rel=\"noopener\">Fundaci\u00f3n para la Educaci\u00f3n Continua Avanzada<\/a>.<\/p>\n<p>Los pacientes lo describen como una persona estable, detallista y minuciosa. Su objetivo es sencillo: proteger su salud, mejorar su funcionalidad y proporcionarle una sonrisa segura y duradera.<\/p>\n<p>Fuera de la oficina, el Dr. Rice se mantiene activo jugando al golf y al baloncesto.<\/p>\n<div class=\"is-divider divider clearfix\" style=\"margin-top:1.2em;margin-bottom:1.2em;max-width:100%;height:2px;background-color:rgba(0, 0, 0, 0.09);\"><\/div>\n\t\t<\/div>\n\t\t\t\t\n<style>\n#col-995384839 > .col-inner {\n  padding: 20px 20px 40px 20px;\n}\n@media (min-width:550px) {\n  #col-995384839 > .col-inner {\n    padding: 40px 40px 40px 40px;\n  }\n}\n<\/style>\n\t<\/div>\n\n\t\n<\/div>\n\t\t<\/div>\n\t\t\t\t\n<style>\n#col-577781912 > .col-inner {\n  margin: 10px 0px 10px 0px;\n}\n<\/style>\n\t<\/div>\n\n\t\n\n<style>\n#row-289923589 > .col > .col-inner {\n  background-color: rgb(255,255,255);\n}\n<\/style>\n<\/div>\n\t\t<\/div>\n\n\t\t\n<style>\n#section_719660093 {\n  padding-top: 60px;\n  padding-bottom: 60px;\n  background-color: rgb(249, 249, 249);\n}\n<\/style>\n\t<\/section>\n\t\n\n\t<section class=\"section\" id=\"section_2142666109\">\n\t\t<div class=\"section-bg fill\" >\n\t\t\t\t\t\t\t\t\t\n\t\t\t\n\n\t\t<\/div>\n\n\t\t\n\n\t\t<div class=\"section-content relative\">\n\t\t\t\n\t<div id=\"gap-1842886420\" class=\"gap-element clearfix\" style=\"display:block; height:auto;\">\n\t\t\n<style>\n#gap-1842886420 {\n  padding-top: 30px;\n}\n<\/style>\n\t<\/div>\n\t\n<div class=\"row align-middle align-center\" style=\"max-width:1500px\" id=\"row-559428815\">\n\n\t<div id=\"col-310480179\" class=\"col medium-12 small-12 large-6\"  >\n\t\t\t\t<div class=\"col-inner\"  >\n\t\t\t\n\t\t\t\n\n  <div class=\"banner has-hover\" id=\"banner-1242040869\">\n          <div class=\"banner-inner fill\">\n        <div class=\"banner-bg fill\" >\n            <img loading=\"lazy\" decoding=\"async\" width=\"1350\" height=\"792\" src=\"https:\/\/drdonaldrice.com\/wp-content\/uploads\/2025\/11\/Donald-R.-Rice-DDS-Cosmetic-Implant-Dentist-in-Denver-Colorado.png\" class=\"bg attachment-original size-original\" alt=\"Donald R. Rice, DDS: dentista especializado en est\u00e9tica e implantes en Denver, Colorado\" \/>                                    \n                    <\/div>\n\t\t\n        <div class=\"banner-layers container\">\n            <div class=\"fill banner-link\"><\/div>            \n   <div id=\"text-box-1941626354\" class=\"text-box banner-layer x50 md-x50 lg-x50 y50 md-y50 lg-y50 res-text\">\n                                <div class=\"text-box-content text dark\">\n              \n              <div class=\"text-inner text-center\">\n                  \n              <\/div>\n           <\/div>\n                            \n<style>\n#text-box-1941626354 {\n  width: 60%;\n}\n#text-box-1941626354 .text-box-content {\n  font-size: 100%;\n}\n<\/style>\n    <\/div>\n \n        <\/div>\n      <\/div>\n\n            \n<style>\n#banner-1242040869 {\n  padding-top: 99.99%;\n  background-color: rgb(255, 255, 255);\n}\n#banner-1242040869 .banner-bg img {\n  object-position: 53% 47%;\n}\n@media (min-width:550px) {\n  #banner-1242040869 {\n    padding-top: 75%;\n  }\n}\n@media (min-width:850px) {\n  #banner-1242040869 {\n    padding-top: 99.99%;\n  }\n}\n<\/style>\n  <\/div>\n\n\n\t\t<\/div>\n\t\t\t\t\t<\/div>\n\n\t\n\n\t<div id=\"col-537966854\" class=\"col medium-11 small-12 large-6\"  >\n\t\t\t\t<div class=\"col-inner\"  >\n\t\t\t\n\t\t\t\n\t<div id=\"gap-312484750\" class=\"gap-element clearfix\" style=\"display:block; height:auto;\">\n\t\t\n<style>\n#gap-312484750 {\n  padding-top: 10px;\n}\n@media (min-width:850px) {\n  #gap-312484750 {\n    padding-top: 30px;\n  }\n}\n<\/style>\n\t<\/div>\n\t\n\t<div id=\"text-1436866987\" class=\"text\">\n\t\t\n<h2><span data-text-color=\"secondary\">Tu viaje dental comienza aqu\u00ed<\/span><\/h2>\n\t\t\n<style>\n#text-1436866987 {\n  font-size: 1.5rem;\n}\n<\/style>\n\t<\/div>\n\t\n\t<div id=\"text-1514919540\" class=\"text\">\n\t\t\n<h6>Qu\u00e9 esperar<\/h6>\n<p>Su primera visita con el Dr. Rice se centra en la comodidad, la claridad y una comprensi\u00f3n precisa de su salud dental. Nuestro equipo realiza un examen exhaustivo y revisa sus objetivos para poder identificar el tratamiento exacto que necesita. Nos tomamos el tiempo necesario para escucharle, responder a sus preguntas y asegurarnos de que se sienta seguro sobre los siguientes pasos a seguir.<\/p>\n<p>Despu\u00e9s de su examen, el Dr. Rice le presentar\u00e1 un plan de tratamiento personalizado basado en su condici\u00f3n, sus prioridades y su salud a largo plazo. Ya sea que venga para recibir atenci\u00f3n de rutina, mejoras est\u00e9ticas o un tratamiento con implantes, su transici\u00f3n a nuestra cl\u00ednica ser\u00e1 sencilla y sin estr\u00e9s.<\/p>\n\t\t\n<style>\n#text-1514919540 {\n  font-size: 1.25rem;\n}\n<\/style>\n\t<\/div>\n\t\n<a href=\"\/es\/contactenos\/\" class=\"button primary is-underline is-large\" >\n\t\t<span>Reserva ahora<\/span>\n\t<\/a>\n\n\t\t<\/div>\n\t\t\t\t\n<style>\n#col-537966854 > .col-inner {\n  padding: 0px 0px 0px 0;\n}\n@media (min-width:850px) {\n  #col-537966854 > .col-inner {\n    padding: 0px 0px 0px 5%;\n  }\n}\n<\/style>\n\t<\/div>\n\n\t\n<\/div>\n\t\t<\/div>\n\n\t\t\n<style>\n#section_2142666109 {\n  padding-top: 40px;\n  padding-bottom: 40px;\n}\n@media (min-width:850px) {\n  #section_2142666109 {\n    padding-top: 70px;\n    padding-bottom: 70px;\n  }\n}\n<\/style>\n\t<\/section>","protected":false},"excerpt":{"rendered":"","protected":false},"author":4,"featured_media":705,"parent":0,"menu_order":0,"comment_status":"closed","ping_status":"closed","template":"page-blank.php","meta":{"rop_custom_images_group":[],"rop_custom_messages_group":[],"rop_publish_now":"initial","rop_publish_now_accounts":[],"rop_publish_now_history":[],"rop_publish_now_status":"pending","footnotes":""},"class_list":["post-13","page","type-page","status-publish","has-post-thumbnail","hentry"],"yoast_head":"<!-- This site is optimized with the Yoast SEO plugin v27.4 - https:\/\/yoast.com\/product\/yoast-seo-wordpress\/ -->\n<title>About Donald R. Rice, DDS | Cosmetic &amp; Implant Dentist in Denver<\/title>\n<meta name=\"description\" content=\"Learn about Dr. Donald Rice, your trusted general, cosmetic, and implant dentist serving Denver, Colorado for over 40 years.\" \/>\n<meta name=\"robots\" content=\"index, follow, max-snippet:-1, max-image-preview:large, max-video-preview:-1\" \/>\n<link rel=\"canonical\" href=\"https:\/\/drdonaldrice.com\/es\/quienes-somos\/\" \/>\n<meta property=\"og:locale\" content=\"es_MX\" \/>\n<meta property=\"og:type\" content=\"article\" \/>\n<meta property=\"og:title\" content=\"About Donald R. Rice, DDS | Cosmetic &amp; Implant Dentist in Denver\" \/>\n<meta property=\"og:description\" content=\"Learn about Dr. Donald Rice, your trusted general, cosmetic, and implant dentist serving Denver, Colorado for over 40 years.\" \/>\n<meta property=\"og:url\" content=\"https:\/\/drdonaldrice.com\/es\/quienes-somos\/\" \/>\n<meta property=\"og:site_name\" content=\"Donald R. Rice, DDS\" \/>\n<meta property=\"article:modified_time\" content=\"2025-11-26T20:32:58+00:00\" \/>\n<meta property=\"og:image\" content=\"https:\/\/drdonaldrice.com\/wp-content\/uploads\/2025\/11\/Donald-R.-Rice-DDS-Denver-Dentist-4.jpg\" \/>\n\t<meta property=\"og:image:width\" content=\"458\" \/>\n\t<meta property=\"og:image:height\" content=\"458\" \/>\n\t<meta property=\"og:image:type\" content=\"image\/jpeg\" \/>\n<meta name=\"twitter:card\" content=\"summary_large_image\" \/>\n<meta name=\"twitter:label1\" content=\"Est. reading time\" \/>\n\t<meta name=\"twitter:data1\" content=\"2 minutos\" \/>\n<script type=\"application\/ld+json\" class=\"yoast-schema-graph\">{\"@context\":\"https:\\\/\\\/schema.org\",\"@graph\":[{\"@type\":\"WebPage\",\"@id\":\"https:\\\/\\\/drdonaldrice.com\\\/about-us\\\/\",\"url\":\"https:\\\/\\\/drdonaldrice.com\\\/about-us\\\/\",\"name\":\"About Donald R. Rice, DDS | Cosmetic & Implant Dentist in Denver\",\"isPartOf\":{\"@id\":\"https:\\\/\\\/drdonaldrice.com\\\/#website\"},\"primaryImageOfPage\":{\"@id\":\"https:\\\/\\\/drdonaldrice.com\\\/about-us\\\/#primaryimage\"},\"image\":{\"@id\":\"https:\\\/\\\/drdonaldrice.com\\\/about-us\\\/#primaryimage\"},\"thumbnailUrl\":\"https:\\\/\\\/drdonaldrice.com\\\/wp-content\\\/uploads\\\/2025\\\/11\\\/Donald-R.-Rice-DDS-Denver-Dentist-4.jpg\",\"datePublished\":\"2025-03-22T05:09:33+00:00\",\"dateModified\":\"2025-11-26T20:32:58+00:00\",\"description\":\"Learn about Dr. Donald Rice, your trusted general, cosmetic, and implant dentist serving Denver, Colorado for over 40 years.\",\"breadcrumb\":{\"@id\":\"https:\\\/\\\/drdonaldrice.com\\\/about-us\\\/#breadcrumb\"},\"inLanguage\":\"es\",\"potentialAction\":[{\"@type\":\"ReadAction\",\"target\":[\"https:\\\/\\\/drdonaldrice.com\\\/about-us\\\/\"]}]},{\"@type\":\"ImageObject\",\"inLanguage\":\"es\",\"@id\":\"https:\\\/\\\/drdonaldrice.com\\\/about-us\\\/#primaryimage\",\"url\":\"https:\\\/\\\/drdonaldrice.com\\\/wp-content\\\/uploads\\\/2025\\\/11\\\/Donald-R.-Rice-DDS-Denver-Dentist-4.jpg\",\"contentUrl\":\"https:\\\/\\\/drdonaldrice.com\\\/wp-content\\\/uploads\\\/2025\\\/11\\\/Donald-R.-Rice-DDS-Denver-Dentist-4.jpg\",\"width\":458,\"height\":458,\"caption\":\"Donald R. Rice, DDS - Denver Dentist\"},{\"@type\":\"BreadcrumbList\",\"@id\":\"https:\\\/\\\/drdonaldrice.com\\\/about-us\\\/#breadcrumb\",\"itemListElement\":[{\"@type\":\"ListItem\",\"position\":1,\"name\":\"Home\",\"item\":\"https:\\\/\\\/drdonaldrice.com\\\/\"},{\"@type\":\"ListItem\",\"position\":2,\"name\":\"About Us\"}]},{\"@type\":\"WebSite\",\"@id\":\"https:\\\/\\\/drdonaldrice.com\\\/#website\",\"url\":\"https:\\\/\\\/drdonaldrice.com\\\/\",\"name\":\"Donald R. Rice, DDS\",\"description\":\"General, Cosmetic &amp; Implant Dentistry in Denver, CO\",\"potentialAction\":[{\"@type\":\"SearchAction\",\"target\":{\"@type\":\"EntryPoint\",\"urlTemplate\":\"https:\\\/\\\/drdonaldrice.com\\\/?s={search_term_string}\"},\"query-input\":{\"@type\":\"PropertyValueSpecification\",\"valueRequired\":true,\"valueName\":\"search_term_string\"}}],\"inLanguage\":\"es\"}]}<\/script>\n<!-- \/ Yoast SEO plugin. -->","yoast_head_json":{"title":"Acerca de Donald R. Rice, DDS | Dentista cosm\u00e9tico y especialista en implantes en Denver","description":"Conozca al Dr. Donald Rice, su dentista de confianza especializado en odontolog\u00eda general, est\u00e9tica e implantes, que lleva m\u00e1s de 40 a\u00f1os prestando sus servicios en Denver, Colorado.","robots":{"index":"index","follow":"follow","max-snippet":"max-snippet:-1","max-image-preview":"max-image-preview:large","max-video-preview":"max-video-preview:-1"},"canonical":"https:\/\/drdonaldrice.com\/es\/quienes-somos\/","og_locale":"es_MX","og_type":"article","og_title":"About Donald R. Rice, DDS | Cosmetic & Implant Dentist in Denver","og_description":"Learn about Dr. Donald Rice, your trusted general, cosmetic, and implant dentist serving Denver, Colorado for over 40 years.","og_url":"https:\/\/drdonaldrice.com\/es\/quienes-somos\/","og_site_name":"Donald R. Rice, DDS","article_modified_time":"2025-11-26T20:32:58+00:00","og_image":[{"width":458,"height":458,"url":"https:\/\/drdonaldrice.com\/wp-content\/uploads\/2025\/11\/Donald-R.-Rice-DDS-Denver-Dentist-4.jpg","type":"image\/jpeg"}],"twitter_card":"summary_large_image","twitter_misc":{"Est. reading time":"2 minutos"},"schema":{"@context":"https:\/\/schema.org","@graph":[{"@type":"WebPage","@id":"https:\/\/drdonaldrice.com\/about-us\/","url":"https:\/\/drdonaldrice.com\/about-us\/","name":"Acerca de Donald R. Rice, DDS | Dentista cosm\u00e9tico y especialista en implantes en Denver","isPartOf":{"@id":"https:\/\/drdonaldrice.com\/#website"},"primaryImageOfPage":{"@id":"https:\/\/drdonaldrice.com\/about-us\/#primaryimage"},"image":{"@id":"https:\/\/drdonaldrice.com\/about-us\/#primaryimage"},"thumbnailUrl":"https:\/\/drdonaldrice.com\/wp-content\/uploads\/2025\/11\/Donald-R.-Rice-DDS-Denver-Dentist-4.jpg","datePublished":"2025-03-22T05:09:33+00:00","dateModified":"2025-11-26T20:32:58+00:00","description":"Conozca al Dr. Donald Rice, su dentista de confianza especializado en odontolog\u00eda general, est\u00e9tica e implantes, que lleva m\u00e1s de 40 a\u00f1os prestando sus servicios en Denver, Colorado.","breadcrumb":{"@id":"https:\/\/drdonaldrice.com\/about-us\/#breadcrumb"},"inLanguage":"es","potentialAction":[{"@type":"ReadAction","target":["https:\/\/drdonaldrice.com\/about-us\/"]}]},{"@type":"ImageObject","inLanguage":"es","@id":"https:\/\/drdonaldrice.com\/about-us\/#primaryimage","url":"https:\/\/drdonaldrice.com\/wp-content\/uploads\/2025\/11\/Donald-R.-Rice-DDS-Denver-Dentist-4.jpg","contentUrl":"https:\/\/drdonaldrice.com\/wp-content\/uploads\/2025\/11\/Donald-R.-Rice-DDS-Denver-Dentist-4.jpg","width":458,"height":458,"caption":"Donald R. Rice, DDS - Denver Dentist"},{"@type":"BreadcrumbList","@id":"https:\/\/drdonaldrice.com\/about-us\/#breadcrumb","itemListElement":[{"@type":"ListItem","position":1,"name":"Home","item":"https:\/\/drdonaldrice.com\/"},{"@type":"ListItem","position":2,"name":"About Us"}]},{"@type":"WebSite","@id":"https:\/\/drdonaldrice.com\/#website","url":"https:\/\/drdonaldrice.com\/","name":"Donald R. Rice, Doctor en Cirug\u00eda Dental","description":"Odontolog\u00eda general, cosm\u00e9tica e implantes dentales en Denver, Colorado.","potentialAction":[{"@type":"SearchAction","target":{"@type":"EntryPoint","urlTemplate":"https:\/\/drdonaldrice.com\/?s={search_term_string}"},"query-input":{"@type":"PropertyValueSpecification","valueRequired":true,"valueName":"search_term_string"}}],"inLanguage":"es"}]}},"_links":{"self":[{"href":"https:\/\/drdonaldrice.com\/es\/wp-json\/wp\/v2\/pages\/13","targetHints":{"allow":["GET"]}}],"collection":[{"href":"https:\/\/drdonaldrice.com\/es\/wp-json\/wp\/v2\/pages"}],"about":[{"href":"https:\/\/drdonaldrice.com\/es\/wp-json\/wp\/v2\/types\/page"}],"author":[{"embeddable":true,"href":"https:\/\/drdonaldrice.com\/es\/wp-json\/wp\/v2\/users\/4"}],"replies":[{"embeddable":true,"href":"https:\/\/drdonaldrice.com\/es\/wp-json\/wp\/v2\/comments?post=13"}],"version-history":[{"count":0,"href":"https:\/\/drdonaldrice.com\/es\/wp-json\/wp\/v2\/pages\/13\/revisions"}],"wp:featuredmedia":[{"embeddable":true,"href":"https:\/\/drdonaldrice.com\/es\/wp-json\/wp\/v2\/media\/705"}],"wp:attachment":[{"href":"https:\/\/drdonaldrice.com\/es\/wp-json\/wp\/v2\/media?parent=13"}],"curies":[{"name":"wp","href":"https:\/\/api.w.org\/{rel}","templated":true}]}}