{"id":68,"date":"2025-03-18T01:05:33","date_gmt":"2025-03-18T05:05:33","guid":{"rendered":"http:\/\/implantquiz.wpengine.com\/?page_id=68"},"modified":"2025-03-23T22:36:23","modified_gmt":"2025-03-24T02:36:23","slug":"politica-de-privacidad","status":"publish","type":"page","link":"https:\/\/drdonaldrice.com\/es\/privacy-policy\/","title":{"rendered":"Pol\u00edtica de privacidad"},"content":{"rendered":"<div class=\"row\"  id=\"row-1787124870\">\n\n\t<div id=\"col-1429127155\" class=\"col medium-8 small-12 large-8\"  >\n\t\t\t\t<div class=\"col-inner\"  >\n\t\t\t\n\t\t\t\n<h1>Pol\u00edtica de privacidad<\/h1>\n<p>Esta pol\u00edtica de privacidad se aplica a la informaci\u00f3n recopilada en l\u00ednea de los usuarios de este sitio web. En esta pol\u00edtica, puede conocer qu\u00e9 tipo de informaci\u00f3n recopilamos, cu\u00e1ndo y c\u00f3mo podemos utilizarla, c\u00f3mo la protegemos y las opciones que tiene con respecto a su informaci\u00f3n personal.<\/p>\n<h3>\u00bfQu\u00e9 informaci\u00f3n personal se recopila a trav\u00e9s de este sitio web y c\u00f3mo se utiliza?<\/h3>\n<p>Recopilamos informaci\u00f3n sobre nuestros usuarios de tres maneras: directamente del usuario, de los registros de nuestro servidor web y a trav\u00e9s de cookies. Utilizamos la informaci\u00f3n principalmente para ofrecerle una experiencia personalizada en Internet que le proporcione la informaci\u00f3n, los recursos y los servicios m\u00e1s relevantes y \u00fatiles para usted. No compartimos con terceros la informaci\u00f3n que nos proporciona, a menos que as\u00ed lo indiquemos en esta Pol\u00edtica de privacidad o cuando creamos de buena fe que la ley lo exige.<\/p>\n<p><strong>Informaci\u00f3n proporcionada por el usuario<\/strong>Si rellena el formulario de \u201ccontacto\u201d de este sitio web, le pediremos que nos facilite algunos datos personales (como su direcci\u00f3n de correo electr\u00f3nico, nombre, n\u00famero de tel\u00e9fono y estado). Solo le pedimos que nos facilite una direcci\u00f3n de correo electr\u00f3nico en el formulario de contacto. Adem\u00e1s, si este sitio web dispone de chat, es posible que se le solicite informaci\u00f3n si participa en un chat en l\u00ednea. No env\u00ede ninguna informaci\u00f3n confidencial, privada o sensible que le identifique personalmente (por ejemplo, n\u00famero de la Seguridad Social, fecha de nacimiento, n\u00famero de permiso de conducir o informaci\u00f3n sobre tarjetas de cr\u00e9dito, cuentas bancarias u otra informaci\u00f3n financiera) (en conjunto, \u201cInformaci\u00f3n sensible\u201d). Si env\u00eda cualquier Informaci\u00f3n sensible, lo hace bajo su propia responsabilidad y no seremos responsables ante usted ni de las consecuencias de su env\u00edo.<\/p>\n<p>La informaci\u00f3n que nos proporcione a trav\u00e9s del formulario de contacto o del chat en l\u00ednea se utilizar\u00e1 para responder a su consulta. Tambi\u00e9n podemos utilizar la informaci\u00f3n que nos proporcione para comunicarnos con usted en el futuro. Si no desea recibir dichas comunicaciones, puede darse de baja (cancelar su suscripci\u00f3n) tal y como se describe a continuaci\u00f3n.<\/p>\n<p><strong>Registros del servidor web<\/strong>: Cuando visita nuestro sitio web, podemos rastrear informaci\u00f3n sobre su visita y almacenarla en registros del servidor web, que son registros de las actividades en nuestros sitios. Los servidores capturan y guardan autom\u00e1ticamente la informaci\u00f3n de forma electr\u00f3nica. Entre la informaci\u00f3n que podemos recopilar se incluye:<\/p>\n<ul>\n<li>su direcci\u00f3n de protocolo de Internet \u00fanica;<\/li>\n<li>el nombre de su proveedor de servicios de Internet exclusivo;<\/li>\n<li>la ciudad, el estado y el pa\u00eds desde donde accede a nuestro sitio web;<\/li>\n<li>el tipo de navegador o computadora que utiliza;<\/li>\n<li>el n\u00famero de enlaces en los que haces clic dentro del sitio;<\/li>\n<li>la fecha y hora de su visita;<\/li>\n<li>la p\u00e1gina web desde la que ha llegado a nuestro sitio;<\/li>\n<li>las p\u00e1ginas que ha visitado en el sitio web; y<\/li>\n<li class=\"last-child\">ciertas b\u00fasquedas\/consultas que haya realizado a trav\u00e9s de nuestro(s) sitio(s) web.<\/li>\n<\/ul>\n<p>La informaci\u00f3n que recopilamos en los registros del servidor web nos ayuda a administrar el sitio, analizar su uso, proteger el sitio web y su contenido contra usos inapropiados y mejorar la experiencia del usuario.<\/p>\n<p><strong>Cookies:<\/strong>\u00a0Con el fin de ofrecer y proporcionar un servicio personalizado y a medida, nuestros sitios web y aplicaciones pueden utilizar cookies y tecnolog\u00edas similares para almacenar y ayudar a rastrear informaci\u00f3n sobre usted. Las cookies son simplemente peque\u00f1os fragmentos de datos que se env\u00edan a su navegador desde un servidor web y se almacenan en el disco duro de su computadora. Utilizamos cookies para recordar qui\u00e9n es usted y ayudarle a navegar por nuestros sitios web durante sus visitas. Las cookies tambi\u00e9n nos permiten saber d\u00f3nde van los visitantes en un sitio web y guardar sus preferencias para que no tenga que volver a introducirlas cada vez que nos visite. El uso de cookies es relativamente habitual. La mayor\u00eda de los navegadores de Internet est\u00e1n configurados inicialmente para aceptar cookies, pero puede utilizar su navegador para que le avise cuando reciba una cookie o para desactivarlas.<\/p>\n<p>Si desea desactivar las cookies de este sitio, puede hacerlo utilizando su navegador. Debe tener en cuenta que algunas funciones de muchos sitios pueden no funcionar correctamente si no acepta las cookies. Para obtener m\u00e1s informaci\u00f3n sobre el uso de los navegadores para gestionar las cookies, consulte\u00a0<a href=\"http:\/\/www.allaboutcookies.org\/manage-cookies\/\">Todo sobre las cookies<\/a>. Tambi\u00e9n puede rechazar las cookies Flash de este sitio web utilizando\u00a0<a href=\"http:\/\/www.adobe.com\/devnet\/security.html\">Herramientas de administraci\u00f3n de Flash de Adobe<\/a>. Puede desactivar el uso de cookies por parte de Google visitando\u00a0<a href=\"https:\/\/www.google.com\/settings\/ads\">Configuraci\u00f3n de anuncios de Google<\/a>.<\/p>\n<p>Al visitar este sitio web, usted acepta el uso de cookies y tecnolog\u00edas similares de conformidad con esta Declaraci\u00f3n de privacidad.<\/p>\n<p><strong>Servicios de terceros:<\/strong>\u00a0Podemos utilizar servicios alojados por terceros, incluido Adobe Site Catalyst, para ayudarnos a prestar nuestros servicios y comprender el uso que hacen nuestros visitantes de nuestro sitio web. Estos servicios pueden recopilar informaci\u00f3n enviada por su navegador como parte de una solicitud de p\u00e1gina web, incluida su direcci\u00f3n IP o cookies. Si estos servicios de terceros recopilan informaci\u00f3n, lo hacen de forma an\u00f3nima y agregada para proporcionarnos informaci\u00f3n \u00fatil, como las tendencias del sitio web, sin identificar a los visitantes individuales.<\/p>\n<p>Adem\u00e1s, podemos utilizar servicios prestados por terceros para mostrarle contenido, productos, servicios y publicidad relevantes. Estos terceros pueden utilizar cookies, balizas web y tecnolog\u00edas similares para recopilar o recibir informaci\u00f3n de este sitio web y de otros lugares de Internet. A continuaci\u00f3n, pueden utilizar esa informaci\u00f3n para proporcionar servicios de medici\u00f3n que nos permitan comprender sus intereses y reorientar los anuncios en funci\u00f3n de sus visitas anteriores a este sitio web. Tenga en cuenta que no compartimos su informaci\u00f3n personal con ning\u00fan anunciante, servidor de anuncios o red publicitaria externos.<\/p>\n<p>Es posible que pueda optar por no participar en la recopilaci\u00f3n y el uso de informaci\u00f3n para la publicidad dirigida por parte de terceros visitando <a href=\"http:\/\/www.aboutads.info\/choices\/\">www.aboutads.info\/choices<\/a>. Puede desactivar el uso de cookies por parte de Google visitando <a href=\"https:\/\/www.google.com\/settings\/ads\">Configuraci\u00f3n de anuncios de Google<\/a>. Puede visitar esta p\u00e1gina.\u00a0<a href=\"http:\/\/www.networkadvertising.org\/choices\/\">p\u00e1gina<\/a> para excluirse de la publicidad dirigida de AdRoll y sus socios. Consulte \u2019Cookies\u201c en la secci\u00f3n anterior para obtener m\u00e1s informaci\u00f3n sobre c\u00f3mo puede controlar el uso de cookies en su computadora.<\/p>\n<p><strong>No rastrear en California:<\/strong> Nuestros servicios web no alteran, modifican ni responden al recibir solicitudes o se\u00f1ales de \u00abNo rastrear\u00bb (DNT) en los navegadores. Como se describe con m\u00e1s detalle anteriormente, rastreamos la actividad de los usuarios mediante registros del servidor web, cookies y tecnolog\u00edas similares. La informaci\u00f3n recopilada en los registros del servidor web nos ayuda a analizar el uso del sitio web y a mejorar la experiencia del usuario. Las cookies nos permiten ofrecerle una experiencia personalizada y presentarle publicidad relevante.<\/p>\n<h3>\u00bfC\u00f3mo se protege la informaci\u00f3n personal?<\/h3>\n<p>Tomamos ciertas medidas de seguridad adecuadas para ayudar a proteger su informaci\u00f3n personal contra p\u00e9rdidas accidentales y contra el acceso, uso o divulgaci\u00f3n no autorizados. Sin embargo, no podemos garantizar que personas no autorizadas no puedan burlar nuestras medidas de seguridad.<\/p>\n<h3>\u00bfQui\u00e9n tiene acceso a la informaci\u00f3n?<\/h3>\n<p>No venderemos, alquilaremos ni cederemos listas de correo u otros datos de usuarios a terceros, y no pondremos su informaci\u00f3n personal a disposici\u00f3n de ninguna parte no afiliada, salvo en los siguientes casos:<\/p>\n<ul>\n<li>a agentes, proveedores de sitios web y\/o contratistas que puedan utilizarla en nuestro nombre o en relaci\u00f3n con su relaci\u00f3n con nosotros;<\/li>\n<li>si no podemos ayudarle con su asunto, pero conocemos a un abogado o bufete no afiliado que podr\u00eda hacerlo, es posible que le remitamos a \u00e9l y compartamos con \u00e9l la informaci\u00f3n que nos haya proporcionado; y<\/li>\n<li class=\"last-child\">Seg\u00fan lo exija la ley, en materia de seguridad p\u00fablica o pol\u00edtica, seg\u00fan sea necesario en relaci\u00f3n con la transferencia de nuestros activos comerciales (por ejemplo, si somos adquiridos por otra empresa o si somos liquidados durante un proceso de quiebra), o si creemos de buena fe que compartir los datos es necesario para proteger nuestros derechos o nuestra propiedad.<\/li>\n<\/ul>\n<h3>\u00bfC\u00f3mo puedo corregir, modificar o eliminar mi informaci\u00f3n personal y\/o optar por no recibir comunicaciones futuras?<\/h3>\n<p>Puede optar por no recibir m\u00e1s comunicaciones nuestras en cualquier momento. P\u00f3ngase en contacto con nosotros a trav\u00e9s del n\u00famero de tel\u00e9fono, el formulario de contacto o la direcci\u00f3n postal que figuran en nuestro sitio web en cualquier momento para:<\/p>\n<ul>\n<li>ver qu\u00e9 datos tenemos sobre usted, si los hay;<\/li>\n<li>modificar\/corregir cualquier dato que tengamos sobre usted;<\/li>\n<li>solicitarnos que eliminemos cualquier dato que tengamos sobre usted; y\/o<\/li>\n<li class=\"last-child\">excluirse de futuras comunicaciones por nuestra parte.<\/li>\n<\/ul>\n<p>Si tiene alguna pregunta o duda adicional sobre esta pol\u00edtica de privacidad, por favor\u00a0<a href=\"\/es\/contactenos\/\">Cont\u00e1ctenos<\/a>\u00a0a trav\u00e9s del n\u00famero de tel\u00e9fono, el formulario de contacto o la direcci\u00f3n postal que figuran en este sitio web. Si nuestras pr\u00e1cticas de informaci\u00f3n cambian de manera significativa, publicaremos los cambios en la pol\u00edtica aqu\u00ed.<\/p>\n<p>A partir del 10 de julio de 2022.<\/p>\n\t\t<\/div>\n\t\t\t\t\t<\/div>\n\n\t\n\n\t<div id=\"col-345584697\" class=\"col medium-4 small-12 large-4\"  >\n\t\t\t\t<div class=\"col-inner\"  >\n\t\t\t\n\t\t\t\n<ul class=\"sidebar-wrapper ul-reset\"><aside id=\"text-5\" class=\"widget widget_text\">\t\t\t<div class=\"textwidget\"><div class=\"wpcf7 no-js\" id=\"wpcf7-f9-o1\" lang=\"en-US\" dir=\"ltr\" data-wpcf7-id=\"9\">\n<div class=\"screen-reader-response\">\n<p role=\"status\" aria-live=\"polite\" aria-atomic=\"true\">\n<ul><\/ul>\n<\/div>\n<form action=\"\/es\/wp-json\/wp\/v2\/pages\/68#wpcf7-f9-o1\" method=\"post\" class=\"wpcf7-form init cf7mls-no-scroll cf7mls-no-moving-animation\" aria-label=\"Formulario de contacto\" novalidate=\"novalidate\" data-status=\"init\" data-trp-original-action=\"\/es\/wp-json\/wp\/v2\/pages\/68#wpcf7-f9-o1\">\n<fieldset class=\"hidden-fields-container\"><input type=\"hidden\" name=\"_wpcf7\" value=\"9\" \/><input type=\"hidden\" name=\"_wpcf7_version\" value=\"6.1.5\" \/><input type=\"hidden\" name=\"_wpcf7_locale\" value=\"en_US\" \/><input type=\"hidden\" name=\"_wpcf7_unit_tag\" value=\"wpcf7-f9-o1\" \/><input type=\"hidden\" name=\"_wpcf7_container_post\" value=\"0\" \/><input type=\"hidden\" name=\"_wpcf7_posted_data_hash\" value=\"\" \/><input type=\"hidden\" name=\"_wpcf7cf_hidden_group_fields\" value=\"[]\" \/><input type=\"hidden\" name=\"_wpcf7cf_hidden_groups\" value=\"[]\" \/><input type=\"hidden\" name=\"_wpcf7cf_visible_groups\" value=\"[]\" \/><input type=\"hidden\" name=\"_wpcf7cf_repeaters\" value=\"[]\" \/><input type=\"hidden\" name=\"_wpcf7cf_steps\" value=\"{}\" \/><input type=\"hidden\" name=\"_wpcf7cf_options\" value=\"{&quot;form_id&quot;:9,&quot;conditions&quot;:[],&quot;settings&quot;:{&quot;animation&quot;:&quot;yes&quot;,&quot;animation_intime&quot;:200,&quot;animation_outtime&quot;:200,&quot;conditions_ui&quot;:&quot;normal&quot;,&quot;notice_dismissed&quot;:false}}\" \/><br \/>\n<\/fieldset>\n<p><center><\/p>\n<h3>SOLICITAR UNA CONSULTA<br \/>\n\t<\/h3>\n<p><\/center><\/p>\n<hr \/>\n<p><center><\/p>\n<p><span class=\"wpcf7-form-control-wrap\" data-name=\"your-name\"><input size=\"40\" maxlength=\"400\" class=\"wpcf7-form-control wpcf7-text wpcf7-validates-as-required\" aria-required=\"true\" aria-invalid=\"false\" placeholder=\"Nombre\" value=\"\" type=\"text\" name=\"your-name\" \/><\/span>\n\t<\/p>\n<p><span class=\"wpcf7-form-control-wrap\" data-name=\"your-email\"><input size=\"40\" maxlength=\"400\" class=\"wpcf7-form-control wpcf7-email wpcf7-validates-as-required wpcf7-text wpcf7-validates-as-email\" aria-required=\"true\" aria-invalid=\"false\" placeholder=\"Correo electr\u00f3nico\" value=\"\" type=\"email\" name=\"your-email\" \/><\/span>\n\t<\/p>\n<p><span class=\"wpcf7-form-control-wrap\" data-name=\"tel-545\"><input size=\"40\" maxlength=\"400\" class=\"wpcf7-form-control wpcf7-tel wpcf7-text wpcf7-validates-as-tel\" aria-invalid=\"false\" placeholder=\"N\u00famero de tel\u00e9fono\" value=\"\" type=\"tel\" name=\"tel-545\" \/><\/span>\n\t<\/p>\n<p><span class=\"wpcf7-form-control-wrap\" data-name=\"your-message\"><textarea cols=\"40\" rows=\"10\" maxlength=\"2000\" class=\"wpcf7-form-control wpcf7-textarea\" aria-invalid=\"false\" placeholder=\"\u00bfC\u00f3mo puede ayudar la Dra. Rice?\" name=\"your-message\"><\/textarea><\/span>\n\t<\/p>\n<p><input class=\"wpcf7-form-control wpcf7-submit has-spinner button\" type=\"submit\" value=\"Enviar solicitud\" \/>\n\t<\/p>\n<p><\/center><input\n                    class=\"apbct_special_field apbct_email_id__wp_contact_form_7\"\n                    name=\"apbct__email_id__wp_contact_form_7\"\n                    aria-label=\"apbct__label_id__wp_contact_form_7\"\n                    type=\"text\" size=\"30\" maxlength=\"200\" autocomplete=\"off\"\n                    value=\"\"\n                \/><\/p>\n<div class=\"wpcf7-response-output\" aria-hidden=\"true\"><\/div>\n<input type=\"hidden\" name=\"trp-form-language\" value=\"es\"\/><\/form>\n<\/div>\n<\/div>\n\t\t<\/aside><aside id=\"text-6\" class=\"widget widget_text\">\t\t\t<div class=\"textwidget\"><p><a href=\"https:\/\/drdonaldrice.com\/es\/cuestionario-sobre-implantes-dentales\/\"><img loading=\"lazy\" decoding=\"async\" id=\"longdesc-return-736\" class=\"alignnone wp-image-736 size-full\" tabindex=\"-1\" src=\"http:\/\/drdonaldrice.com\/wp-content\/uploads\/2025\/11\/Mini-Implant-Quiz.png\" alt=\"Mini cuestionario sobre implantes\" width=\"1080\" height=\"1350\" longdesc=\"https:\/\/drdonaldrice.com?longdesc=736&amp;referrer=0\" srcset=\"https:\/\/drdonaldrice.com\/wp-content\/uploads\/2025\/11\/Mini-Implant-Quiz.png 1080w, https:\/\/drdonaldrice.com\/wp-content\/uploads\/2025\/11\/Mini-Implant-Quiz-320x400.png 320w, https:\/\/drdonaldrice.com\/wp-content\/uploads\/2025\/11\/Mini-Implant-Quiz-640x800.png 640w, https:\/\/drdonaldrice.com\/wp-content\/uploads\/2025\/11\/Mini-Implant-Quiz-768x960.png 768w, https:\/\/drdonaldrice.com\/wp-content\/uploads\/2025\/11\/Mini-Implant-Quiz-10x12.png 10w\" sizes=\"auto, (max-width: 1080px) 100vw, 1080px\" \/><\/a><\/p>\n<\/div>\n\t\t<\/aside><aside id=\"nav_menu-2\" class=\"widget widget_nav_menu\"><span class=\"widget-title\"><span>Nuestros servicios<\/span><\/span><div class=\"is-divider small\"><\/div><div class=\"menu-our-services-container\"><ul id=\"menu-our-services\" class=\"menu\"><li id=\"menu-item-748\" class=\"menu-item menu-item-type-post_type menu-item-object-page menu-item-748\"><a href=\"https:\/\/drdonaldrice.com\/es\/cosmetic-dentistry-in-denver-co\/\">Odontolog\u00eda est\u00e9tica<\/a><\/li>\n<li id=\"menu-item-741\" class=\"menu-item menu-item-type-post_type menu-item-object-page menu-item-741\"><a href=\"https:\/\/drdonaldrice.com\/es\/dental-crowns-in-denver-co\/\">Coronas dentales<\/a><\/li>\n<li id=\"menu-item-740\" class=\"menu-item menu-item-type-post_type menu-item-object-page menu-item-740\"><a href=\"https:\/\/drdonaldrice.com\/es\/dental-bridge-in-denver-co\/\">Puentes dentales<\/a><\/li>\n<li id=\"menu-item-747\" class=\"menu-item menu-item-type-post_type menu-item-object-page menu-item-747\"><a href=\"https:\/\/drdonaldrice.com\/es\/porcelain-veneers-in-denver-co\/\">Carillas de porcelana<\/a><\/li>\n<li id=\"menu-item-769\" class=\"menu-item menu-item-type-post_type menu-item-object-page menu-item-769\"><a href=\"https:\/\/drdonaldrice.com\/es\/tmj-splint-in-denver-co\/\">F\u00e9rulas para la ATM<\/a><\/li>\n<li id=\"menu-item-737\" class=\"menu-item menu-item-type-post_type menu-item-object-page menu-item-737\"><a href=\"https:\/\/drdonaldrice.com\/es\/teeth-whitening-in-denver-co\/\">Blanqueamiento dental<\/a><\/li>\n<li id=\"menu-item-751\" class=\"menu-item menu-item-type-post_type menu-item-object-page menu-item-751\"><a href=\"https:\/\/drdonaldrice.com\/es\/dental-implants-in-denver-co\/\">Implantes dentales<\/a><\/li>\n<li id=\"menu-item-750\" class=\"menu-item menu-item-type-post_type menu-item-object-page menu-item-750\"><a href=\"https:\/\/drdonaldrice.com\/es\/mini-dental-implants-in-denver-co\/\">Mini implantes dentales<\/a><\/li>\n<li id=\"menu-item-739\" class=\"menu-item menu-item-type-post_type menu-item-object-page menu-item-739\"><a href=\"https:\/\/drdonaldrice.com\/es\/tooth-extractions-in-denver-co\/\">Extracci\u00f3n dental<\/a><\/li>\n<li id=\"menu-item-745\" class=\"menu-item menu-item-type-post_type menu-item-object-page menu-item-745\"><a href=\"https:\/\/drdonaldrice.com\/es\/oral-surgery-in-denver-co\/\">Cirug\u00eda oral<\/a><\/li>\n<li id=\"menu-item-749\" class=\"menu-item menu-item-type-post_type menu-item-object-page menu-item-749\"><a href=\"https:\/\/drdonaldrice.com\/es\/emergency-dentist-in-denver-co\/\">Dentista de urgencia<\/a><\/li>\n<li id=\"menu-item-770\" class=\"menu-item menu-item-type-post_type menu-item-object-page menu-item-770\"><a href=\"https:\/\/drdonaldrice.com\/es\/root-canal-treatment-in-denver-co\/\">Tratamiento de conducto radicular<\/a><\/li>\n<li id=\"menu-item-744\" class=\"menu-item menu-item-type-post_type menu-item-object-page menu-item-744\"><a href=\"https:\/\/drdonaldrice.com\/es\/dentures-in-denver-co\/\">Dentaduras postizas<\/a><\/li>\n<li id=\"menu-item-743\" class=\"menu-item menu-item-type-post_type menu-item-object-page menu-item-743\"><a href=\"https:\/\/drdonaldrice.com\/es\/implant-dentures-in-denver-co\/\">Pr\u00f3tesis dentales implantadas<\/a><\/li>\n<li id=\"menu-item-746\" class=\"menu-item menu-item-type-post_type menu-item-object-page menu-item-746\"><a href=\"https:\/\/drdonaldrice.com\/es\/full-arch-dental-implants-in-denver-co\/\">Implantes dentales de arco completo<\/a><\/li>\n<li id=\"menu-item-742\" class=\"menu-item menu-item-type-post_type menu-item-object-page menu-item-742\"><a href=\"https:\/\/drdonaldrice.com\/es\/full-mouth-reconstruction-in-denver-co\/\">Reconstrucci\u00f3n completa de la boca<\/a><\/li>\n<li id=\"menu-item-738\" class=\"menu-item menu-item-type-post_type menu-item-object-page menu-item-738\"><a href=\"https:\/\/drdonaldrice.com\/es\/sedation-dentistry-in-denver-co\/\">Odontolog\u00eda con sedaci\u00f3n<\/a><\/li>\n<\/ul><\/div><\/aside><\/ul>\n\t\t<\/div>\n\t\t\t\t\t<\/div>\n\n\t\n<\/div>","protected":false},"excerpt":{"rendered":"","protected":false},"author":4,"featured_media":0,"parent":0,"menu_order":0,"comment_status":"closed","ping_status":"closed","template":"","meta":{"rop_custom_images_group":[],"rop_custom_messages_group":[],"rop_publish_now":"initial","rop_publish_now_accounts":[],"rop_publish_now_history":[],"rop_publish_now_status":"pending","footnotes":""},"class_list":["post-68","page","type-page","status-publish","hentry"],"yoast_head":"<!-- This site is optimized with the Yoast SEO plugin v27.4 - https:\/\/yoast.com\/product\/yoast-seo-wordpress\/ -->\n<title>Privacy Policy | Donald R. Rice, DDS<\/title>\n<meta name=\"robots\" content=\"index, follow, max-snippet:-1, max-image-preview:large, max-video-preview:-1\" \/>\n<link rel=\"canonical\" href=\"https:\/\/drdonaldrice.com\/es\/politica-de-privacidad\/\" \/>\n<meta property=\"og:locale\" content=\"es_MX\" \/>\n<meta property=\"og:type\" content=\"article\" \/>\n<meta property=\"og:title\" content=\"Privacy Policy | Donald R. Rice, DDS\" \/>\n<meta property=\"og:url\" content=\"https:\/\/drdonaldrice.com\/es\/politica-de-privacidad\/\" \/>\n<meta property=\"og:site_name\" content=\"Donald R. Rice, DDS\" \/>\n<meta property=\"article:modified_time\" content=\"2025-03-24T02:36:23+00:00\" \/>\n<meta name=\"twitter:card\" content=\"summary_large_image\" \/>\n<meta name=\"twitter:label1\" content=\"Est. reading time\" \/>\n\t<meta name=\"twitter:data1\" content=\"7 minutos\" \/>\n<script type=\"application\/ld+json\" class=\"yoast-schema-graph\">{\"@context\":\"https:\\\/\\\/schema.org\",\"@graph\":[{\"@type\":\"WebPage\",\"@id\":\"https:\\\/\\\/drdonaldrice.com\\\/privacy-policy\\\/\",\"url\":\"https:\\\/\\\/drdonaldrice.com\\\/privacy-policy\\\/\",\"name\":\"Privacy Policy | Donald R. Rice, DDS\",\"isPartOf\":{\"@id\":\"https:\\\/\\\/drdonaldrice.com\\\/#website\"},\"datePublished\":\"2025-03-18T05:05:33+00:00\",\"dateModified\":\"2025-03-24T02:36:23+00:00\",\"breadcrumb\":{\"@id\":\"https:\\\/\\\/drdonaldrice.com\\\/privacy-policy\\\/#breadcrumb\"},\"inLanguage\":\"es\",\"potentialAction\":[{\"@type\":\"ReadAction\",\"target\":[\"https:\\\/\\\/drdonaldrice.com\\\/privacy-policy\\\/\"]}]},{\"@type\":\"BreadcrumbList\",\"@id\":\"https:\\\/\\\/drdonaldrice.com\\\/privacy-policy\\\/#breadcrumb\",\"itemListElement\":[{\"@type\":\"ListItem\",\"position\":1,\"name\":\"Home\",\"item\":\"https:\\\/\\\/drdonaldrice.com\\\/\"},{\"@type\":\"ListItem\",\"position\":2,\"name\":\"Privacy Policy\"}]},{\"@type\":\"WebSite\",\"@id\":\"https:\\\/\\\/drdonaldrice.com\\\/#website\",\"url\":\"https:\\\/\\\/drdonaldrice.com\\\/\",\"name\":\"Donald R. Rice, DDS\",\"description\":\"General, Cosmetic &amp; Implant Dentistry in Denver, CO\",\"potentialAction\":[{\"@type\":\"SearchAction\",\"target\":{\"@type\":\"EntryPoint\",\"urlTemplate\":\"https:\\\/\\\/drdonaldrice.com\\\/?s={search_term_string}\"},\"query-input\":{\"@type\":\"PropertyValueSpecification\",\"valueRequired\":true,\"valueName\":\"search_term_string\"}}],\"inLanguage\":\"es\"}]}<\/script>\n<!-- \/ Yoast SEO plugin. -->","yoast_head_json":{"title":"Pol\u00edtica de privacidad | Donald R. Rice, DDS","robots":{"index":"index","follow":"follow","max-snippet":"max-snippet:-1","max-image-preview":"max-image-preview:large","max-video-preview":"max-video-preview:-1"},"canonical":"https:\/\/drdonaldrice.com\/es\/politica-de-privacidad\/","og_locale":"es_MX","og_type":"article","og_title":"Privacy Policy | Donald R. Rice, DDS","og_url":"https:\/\/drdonaldrice.com\/es\/politica-de-privacidad\/","og_site_name":"Donald R. Rice, DDS","article_modified_time":"2025-03-24T02:36:23+00:00","twitter_card":"summary_large_image","twitter_misc":{"Est. reading time":"7 minutos"},"schema":{"@context":"https:\/\/schema.org","@graph":[{"@type":"WebPage","@id":"https:\/\/drdonaldrice.com\/privacy-policy\/","url":"https:\/\/drdonaldrice.com\/privacy-policy\/","name":"Pol\u00edtica de privacidad | Donald R. Rice, DDS","isPartOf":{"@id":"https:\/\/drdonaldrice.com\/#website"},"datePublished":"2025-03-18T05:05:33+00:00","dateModified":"2025-03-24T02:36:23+00:00","breadcrumb":{"@id":"https:\/\/drdonaldrice.com\/privacy-policy\/#breadcrumb"},"inLanguage":"es","potentialAction":[{"@type":"ReadAction","target":["https:\/\/drdonaldrice.com\/privacy-policy\/"]}]},{"@type":"BreadcrumbList","@id":"https:\/\/drdonaldrice.com\/privacy-policy\/#breadcrumb","itemListElement":[{"@type":"ListItem","position":1,"name":"Home","item":"https:\/\/drdonaldrice.com\/"},{"@type":"ListItem","position":2,"name":"Privacy Policy"}]},{"@type":"WebSite","@id":"https:\/\/drdonaldrice.com\/#website","url":"https:\/\/drdonaldrice.com\/","name":"Donald R. Rice, Doctor en Cirug\u00eda Dental","description":"Odontolog\u00eda general, cosm\u00e9tica e implantes dentales en Denver, Colorado.","potentialAction":[{"@type":"SearchAction","target":{"@type":"EntryPoint","urlTemplate":"https:\/\/drdonaldrice.com\/?s={search_term_string}"},"query-input":{"@type":"PropertyValueSpecification","valueRequired":true,"valueName":"search_term_string"}}],"inLanguage":"es"}]}},"_links":{"self":[{"href":"https:\/\/drdonaldrice.com\/es\/wp-json\/wp\/v2\/pages\/68","targetHints":{"allow":["GET"]}}],"collection":[{"href":"https:\/\/drdonaldrice.com\/es\/wp-json\/wp\/v2\/pages"}],"about":[{"href":"https:\/\/drdonaldrice.com\/es\/wp-json\/wp\/v2\/types\/page"}],"author":[{"embeddable":true,"href":"https:\/\/drdonaldrice.com\/es\/wp-json\/wp\/v2\/users\/4"}],"replies":[{"embeddable":true,"href":"https:\/\/drdonaldrice.com\/es\/wp-json\/wp\/v2\/comments?post=68"}],"version-history":[{"count":0,"href":"https:\/\/drdonaldrice.com\/es\/wp-json\/wp\/v2\/pages\/68\/revisions"}],"wp:attachment":[{"href":"https:\/\/drdonaldrice.com\/es\/wp-json\/wp\/v2\/media?parent=68"}],"curies":[{"name":"wp","href":"https:\/\/api.w.org\/{rel}","templated":true}]}}