{"id":69,"date":"2025-03-18T01:06:13","date_gmt":"2025-03-18T05:06:13","guid":{"rendered":"http:\/\/implantquiz.wpengine.com\/?page_id=69"},"modified":"2025-03-23T22:36:54","modified_gmt":"2025-03-24T02:36:54","slug":"mapa-del-sitio","status":"publish","type":"page","link":"https:\/\/drdonaldrice.com\/es\/sitemap\/","title":{"rendered":"Mapa del sitio"},"content":{"rendered":"<div class=\"row\"  id=\"row-417644778\">\n\n\t<div id=\"col-1831396089\" class=\"col medium-8 small-12 large-8\"  >\n\t\t\t\t<div class=\"col-inner\"  >\n\t\t\t\n\t\t\t\n<h1>Mapa del sitio<\/h1>\n<div class=\"wsp-container\"><h2 class=\"wsp-pages-title\">Pages<\/h2>\n<ul class=\"wsp-pages-list\">\n<li class=\"page_item page-item-13\"><a href=\"https:\/\/drdonaldrice.com\/es\/about-us\/\">Acerca de nosotros<\/a><\/li>\n<li class=\"page_item page-item-25 current_page_parent\"><a href=\"https:\/\/drdonaldrice.com\/es\/blog\/\">Blog<\/a><\/li>\n<li class=\"page_item page-item-35\"><a href=\"https:\/\/drdonaldrice.com\/es\/contact-us\/\">Cont\u00e1ctenos<\/a><\/li>\n<li class=\"page_item page-item-619\"><a href=\"https:\/\/drdonaldrice.com\/es\/cosmetic-dentistry-in-denver-co\/\">Odontolog\u00eda cosm\u00e9tica en Denver, Colorado<\/a><\/li>\n<li class=\"page_item page-item-634\"><a href=\"https:\/\/drdonaldrice.com\/es\/dental-bridge-in-denver-co\/\">Puente dental en Denver, Colorado<\/a><\/li>\n<li class=\"page_item page-item-633\"><a href=\"https:\/\/drdonaldrice.com\/es\/dental-crowns-in-denver-co\/\">Coronas dentales en Denver, Colorado<\/a><\/li>\n<li class=\"page_item page-item-453\"><a href=\"https:\/\/drdonaldrice.com\/es\/dental-implant-options\/\">Opciones de implantes dentales<\/a><\/li>\n<li class=\"page_item page-item-334\"><a href=\"https:\/\/drdonaldrice.com\/es\/dental-implant-quiz\/\">Cuestionario sobre implantes dentales<\/a><\/li>\n<li class=\"page_item page-item-613\"><a href=\"https:\/\/drdonaldrice.com\/es\/dental-implants-in-denver-co\/\">Implantes dentales en Denver, Colorado<\/a><\/li>\n<li class=\"page_item page-item-627\"><a href=\"https:\/\/drdonaldrice.com\/es\/dentures-in-denver-co\/\">Dentaduras postizas en Denver, Colorado<\/a><\/li>\n<li class=\"page_item page-item-617\"><a href=\"https:\/\/drdonaldrice.com\/es\/emergency-dentist-in-denver-co\/\">Dentista de urgencia en Denver, Colorado<\/a><\/li>\n<li class=\"page_item page-item-623\"><a href=\"https:\/\/drdonaldrice.com\/es\/full-arch-dental-implants-in-denver-co\/\">Implantes dentales de arco completo en Denver, Colorado<\/a><\/li>\n<li class=\"page_item page-item-631\"><a href=\"https:\/\/drdonaldrice.com\/es\/full-mouth-reconstruction-in-denver-co\/\">Reconstrucci\u00f3n completa de la boca en Denver, Colorado<\/a><\/li>\n<li class=\"page_item page-item-2\"><a href=\"https:\/\/drdonaldrice.com\/es\/\">Inicio<\/a><\/li>\n<li class=\"page_item page-item-629\"><a href=\"https:\/\/drdonaldrice.com\/es\/implant-dentures-in-denver-co\/\">Pr\u00f3tesis dentales con implantes en Denver, Colorado<\/a><\/li>\n<li class=\"page_item page-item-615\"><a href=\"https:\/\/drdonaldrice.com\/es\/mini-dental-implants-in-denver-co\/\">Mini implantes dentales en Denver, Colorado<\/a><\/li>\n<li class=\"page_item page-item-625\"><a href=\"https:\/\/drdonaldrice.com\/es\/oral-surgery-in-denver-co\/\">Cirug\u00eda oral en Denver, Colorado<\/a><\/li>\n<li class=\"page_item page-item-621\"><a href=\"https:\/\/drdonaldrice.com\/es\/porcelain-veneers-in-denver-co\/\">Carillas de porcelana en Denver, Colorado<\/a><\/li>\n<li class=\"page_item page-item-68\"><a href=\"https:\/\/drdonaldrice.com\/es\/privacy-policy\/\">Pol\u00edtica de privacidad<\/a><\/li>\n<li class=\"page_item page-item-765\"><a href=\"https:\/\/drdonaldrice.com\/es\/root-canal-treatment-in-denver-co\/\">Tratamiento de conducto radicular en Denver, Colorado<\/a><\/li>\n<li class=\"page_item page-item-639\"><a href=\"https:\/\/drdonaldrice.com\/es\/sedation-dentistry-in-denver-co\/\">Odontolog\u00eda con sedaci\u00f3n en Denver, Colorado<\/a><\/li>\n<li class=\"page_item page-item-14\"><a href=\"https:\/\/drdonaldrice.com\/es\/services\/\">Servicios<\/a><\/li>\n<li class=\"page_item page-item-69\"><a href=\"https:\/\/drdonaldrice.com\/es\/sitemap\/\">Mapa del sitio<\/a><\/li>\n<li class=\"page_item page-item-641\"><a href=\"https:\/\/drdonaldrice.com\/es\/teeth-whitening-in-denver-co\/\">Blanqueamiento dental en Denver, Colorado<\/a><\/li>\n<li class=\"page_item page-item-44\"><a href=\"https:\/\/drdonaldrice.com\/es\/testimonials\/\">Testimonios<\/a><\/li>\n<li class=\"page_item page-item-314\"><a href=\"https:\/\/drdonaldrice.com\/es\/thank-you\/\">Gracias<\/a><\/li>\n<li class=\"page_item page-item-766\"><a href=\"https:\/\/drdonaldrice.com\/es\/tmj-splint-in-denver-co\/\">F\u00e9rula para la ATM en Denver, Colorado<\/a><\/li>\n<li class=\"page_item page-item-637\"><a href=\"https:\/\/drdonaldrice.com\/es\/tooth-extractions-in-denver-co\/\">Extracciones dentales en Denver, Colorado<\/a><\/li>\n<\/ul>\n<h2 class=\"wsp-blockss-title\">Bloques UX<\/h2>\n<ul class=\"wsp-blockss-list\">\n<li><a href=\"https:\/\/drdonaldrice.com\/es\/blocks\/footer\/\">Pie de p\u00e1gina<\/a><\/li>\n<\/ul>\n<\/div>\n\t\t<\/div>\n\t\t\t\t\t<\/div>\n\n\t\n\n\t<div id=\"col-324570271\" class=\"col medium-4 small-12 large-4\"  >\n\t\t\t\t<div class=\"col-inner\"  >\n\t\t\t\n\t\t\t\n<ul class=\"sidebar-wrapper ul-reset\"><aside id=\"text-5\" class=\"widget widget_text\">\t\t\t<div class=\"textwidget\"><div class=\"wpcf7 no-js\" id=\"wpcf7-f9-o1\" lang=\"en-US\" dir=\"ltr\" data-wpcf7-id=\"9\">\n<div class=\"screen-reader-response\">\n<p role=\"status\" aria-live=\"polite\" aria-atomic=\"true\">\n<ul><\/ul>\n<\/div>\n<form action=\"\/es\/wp-json\/wp\/v2\/pages\/69#wpcf7-f9-o1\" method=\"post\" class=\"wpcf7-form init cf7mls-no-scroll cf7mls-no-moving-animation\" aria-label=\"Formulario de contacto\" novalidate=\"novalidate\" data-status=\"init\" data-trp-original-action=\"\/es\/wp-json\/wp\/v2\/pages\/69#wpcf7-f9-o1\">\n<fieldset class=\"hidden-fields-container\"><input type=\"hidden\" name=\"_wpcf7\" value=\"9\" \/><input type=\"hidden\" name=\"_wpcf7_version\" value=\"6.1.5\" \/><input type=\"hidden\" name=\"_wpcf7_locale\" value=\"en_US\" \/><input type=\"hidden\" name=\"_wpcf7_unit_tag\" value=\"wpcf7-f9-o1\" \/><input type=\"hidden\" name=\"_wpcf7_container_post\" value=\"0\" \/><input type=\"hidden\" name=\"_wpcf7_posted_data_hash\" value=\"\" \/><input type=\"hidden\" name=\"_wpcf7cf_hidden_group_fields\" value=\"[]\" \/><input type=\"hidden\" name=\"_wpcf7cf_hidden_groups\" value=\"[]\" \/><input type=\"hidden\" name=\"_wpcf7cf_visible_groups\" value=\"[]\" \/><input type=\"hidden\" name=\"_wpcf7cf_repeaters\" value=\"[]\" \/><input type=\"hidden\" name=\"_wpcf7cf_steps\" value=\"{}\" \/><input type=\"hidden\" name=\"_wpcf7cf_options\" value=\"{&quot;form_id&quot;:9,&quot;conditions&quot;:[],&quot;settings&quot;:{&quot;animation&quot;:&quot;yes&quot;,&quot;animation_intime&quot;:200,&quot;animation_outtime&quot;:200,&quot;conditions_ui&quot;:&quot;normal&quot;,&quot;notice_dismissed&quot;:false}}\" \/><br \/>\n<\/fieldset>\n<p><center><\/p>\n<h3>SOLICITAR UNA CONSULTA<br \/>\n\t<\/h3>\n<p><\/center><\/p>\n<hr \/>\n<p><center><\/p>\n<p><span class=\"wpcf7-form-control-wrap\" data-name=\"your-name\"><input size=\"40\" maxlength=\"400\" class=\"wpcf7-form-control wpcf7-text wpcf7-validates-as-required\" aria-required=\"true\" aria-invalid=\"false\" placeholder=\"Nombre\" value=\"\" type=\"text\" name=\"your-name\" \/><\/span>\n\t<\/p>\n<p><span class=\"wpcf7-form-control-wrap\" data-name=\"your-email\"><input size=\"40\" maxlength=\"400\" class=\"wpcf7-form-control wpcf7-email wpcf7-validates-as-required wpcf7-text wpcf7-validates-as-email\" aria-required=\"true\" aria-invalid=\"false\" placeholder=\"Correo electr\u00f3nico\" value=\"\" type=\"email\" name=\"your-email\" \/><\/span>\n\t<\/p>\n<p><span class=\"wpcf7-form-control-wrap\" data-name=\"tel-545\"><input size=\"40\" maxlength=\"400\" class=\"wpcf7-form-control wpcf7-tel wpcf7-text wpcf7-validates-as-tel\" aria-invalid=\"false\" placeholder=\"N\u00famero de tel\u00e9fono\" value=\"\" type=\"tel\" name=\"tel-545\" \/><\/span>\n\t<\/p>\n<p><span class=\"wpcf7-form-control-wrap\" data-name=\"your-message\"><textarea cols=\"40\" rows=\"10\" maxlength=\"2000\" class=\"wpcf7-form-control wpcf7-textarea\" aria-invalid=\"false\" placeholder=\"\u00bfC\u00f3mo puede ayudar la Dra. Rice?\" name=\"your-message\"><\/textarea><\/span>\n\t<\/p>\n<p><input class=\"wpcf7-form-control wpcf7-submit has-spinner button\" type=\"submit\" value=\"Enviar solicitud\" \/>\n\t<\/p>\n<p><\/center><input\n                    class=\"apbct_special_field apbct_email_id__wp_contact_form_7\"\n                    name=\"apbct__email_id__wp_contact_form_7\"\n                    aria-label=\"apbct__label_id__wp_contact_form_7\"\n                    type=\"text\" size=\"30\" maxlength=\"200\" autocomplete=\"off\"\n                    value=\"\"\n                \/><\/p>\n<div class=\"wpcf7-response-output\" aria-hidden=\"true\"><\/div>\n<input type=\"hidden\" name=\"trp-form-language\" value=\"es\"\/><\/form>\n<\/div>\n<\/div>\n\t\t<\/aside><aside id=\"text-6\" class=\"widget widget_text\">\t\t\t<div class=\"textwidget\"><p><a href=\"https:\/\/drdonaldrice.com\/es\/cuestionario-sobre-implantes-dentales\/\"><img loading=\"lazy\" decoding=\"async\" id=\"longdesc-return-736\" class=\"alignnone wp-image-736 size-full\" tabindex=\"-1\" src=\"http:\/\/drdonaldrice.com\/wp-content\/uploads\/2025\/11\/Mini-Implant-Quiz.png\" alt=\"Mini cuestionario sobre implantes\" width=\"1080\" height=\"1350\" longdesc=\"https:\/\/drdonaldrice.com?longdesc=736&amp;referrer=0\" srcset=\"https:\/\/drdonaldrice.com\/wp-content\/uploads\/2025\/11\/Mini-Implant-Quiz.png 1080w, https:\/\/drdonaldrice.com\/wp-content\/uploads\/2025\/11\/Mini-Implant-Quiz-320x400.png 320w, https:\/\/drdonaldrice.com\/wp-content\/uploads\/2025\/11\/Mini-Implant-Quiz-640x800.png 640w, https:\/\/drdonaldrice.com\/wp-content\/uploads\/2025\/11\/Mini-Implant-Quiz-768x960.png 768w, https:\/\/drdonaldrice.com\/wp-content\/uploads\/2025\/11\/Mini-Implant-Quiz-10x12.png 10w\" sizes=\"auto, (max-width: 1080px) 100vw, 1080px\" \/><\/a><\/p>\n<\/div>\n\t\t<\/aside><aside id=\"nav_menu-2\" class=\"widget widget_nav_menu\"><span class=\"widget-title\"><span>Nuestros servicios<\/span><\/span><div class=\"is-divider small\"><\/div><div class=\"menu-our-services-container\"><ul id=\"menu-our-services\" class=\"menu\"><li id=\"menu-item-748\" class=\"menu-item menu-item-type-post_type menu-item-object-page menu-item-748\"><a href=\"https:\/\/drdonaldrice.com\/es\/cosmetic-dentistry-in-denver-co\/\">Odontolog\u00eda est\u00e9tica<\/a><\/li>\n<li id=\"menu-item-741\" class=\"menu-item menu-item-type-post_type menu-item-object-page menu-item-741\"><a href=\"https:\/\/drdonaldrice.com\/es\/dental-crowns-in-denver-co\/\">Coronas dentales<\/a><\/li>\n<li id=\"menu-item-740\" class=\"menu-item menu-item-type-post_type menu-item-object-page menu-item-740\"><a href=\"https:\/\/drdonaldrice.com\/es\/dental-bridge-in-denver-co\/\">Puentes dentales<\/a><\/li>\n<li id=\"menu-item-747\" class=\"menu-item menu-item-type-post_type menu-item-object-page menu-item-747\"><a href=\"https:\/\/drdonaldrice.com\/es\/porcelain-veneers-in-denver-co\/\">Carillas de porcelana<\/a><\/li>\n<li id=\"menu-item-769\" class=\"menu-item menu-item-type-post_type menu-item-object-page menu-item-769\"><a href=\"https:\/\/drdonaldrice.com\/es\/tmj-splint-in-denver-co\/\">F\u00e9rulas para la ATM<\/a><\/li>\n<li id=\"menu-item-737\" class=\"menu-item menu-item-type-post_type menu-item-object-page menu-item-737\"><a href=\"https:\/\/drdonaldrice.com\/es\/teeth-whitening-in-denver-co\/\">Blanqueamiento dental<\/a><\/li>\n<li id=\"menu-item-751\" class=\"menu-item menu-item-type-post_type menu-item-object-page menu-item-751\"><a href=\"https:\/\/drdonaldrice.com\/es\/dental-implants-in-denver-co\/\">Implantes dentales<\/a><\/li>\n<li id=\"menu-item-750\" class=\"menu-item menu-item-type-post_type menu-item-object-page menu-item-750\"><a href=\"https:\/\/drdonaldrice.com\/es\/mini-dental-implants-in-denver-co\/\">Mini implantes dentales<\/a><\/li>\n<li id=\"menu-item-739\" class=\"menu-item menu-item-type-post_type menu-item-object-page menu-item-739\"><a href=\"https:\/\/drdonaldrice.com\/es\/tooth-extractions-in-denver-co\/\">Extracci\u00f3n dental<\/a><\/li>\n<li id=\"menu-item-745\" class=\"menu-item menu-item-type-post_type menu-item-object-page menu-item-745\"><a href=\"https:\/\/drdonaldrice.com\/es\/oral-surgery-in-denver-co\/\">Cirug\u00eda oral<\/a><\/li>\n<li id=\"menu-item-749\" class=\"menu-item menu-item-type-post_type menu-item-object-page menu-item-749\"><a href=\"https:\/\/drdonaldrice.com\/es\/emergency-dentist-in-denver-co\/\">Dentista de urgencia<\/a><\/li>\n<li id=\"menu-item-770\" class=\"menu-item menu-item-type-post_type menu-item-object-page menu-item-770\"><a href=\"https:\/\/drdonaldrice.com\/es\/root-canal-treatment-in-denver-co\/\">Tratamiento de conducto radicular<\/a><\/li>\n<li id=\"menu-item-744\" class=\"menu-item menu-item-type-post_type menu-item-object-page menu-item-744\"><a href=\"https:\/\/drdonaldrice.com\/es\/dentures-in-denver-co\/\">Dentaduras postizas<\/a><\/li>\n<li id=\"menu-item-743\" class=\"menu-item menu-item-type-post_type menu-item-object-page menu-item-743\"><a href=\"https:\/\/drdonaldrice.com\/es\/implant-dentures-in-denver-co\/\">Pr\u00f3tesis dentales implantadas<\/a><\/li>\n<li id=\"menu-item-746\" class=\"menu-item menu-item-type-post_type menu-item-object-page menu-item-746\"><a href=\"https:\/\/drdonaldrice.com\/es\/full-arch-dental-implants-in-denver-co\/\">Implantes dentales de arco completo<\/a><\/li>\n<li id=\"menu-item-742\" class=\"menu-item menu-item-type-post_type menu-item-object-page menu-item-742\"><a href=\"https:\/\/drdonaldrice.com\/es\/full-mouth-reconstruction-in-denver-co\/\">Reconstrucci\u00f3n completa de la boca<\/a><\/li>\n<li id=\"menu-item-738\" class=\"menu-item menu-item-type-post_type menu-item-object-page menu-item-738\"><a href=\"https:\/\/drdonaldrice.com\/es\/sedation-dentistry-in-denver-co\/\">Odontolog\u00eda con sedaci\u00f3n<\/a><\/li>\n<\/ul><\/div><\/aside><\/ul>\n\t\t<\/div>\n\t\t\t\t\t<\/div>\n\n\t\n<\/div>","protected":false},"excerpt":{"rendered":"","protected":false},"author":4,"featured_media":0,"parent":0,"menu_order":0,"comment_status":"closed","ping_status":"closed","template":"","meta":{"rop_custom_images_group":[],"rop_custom_messages_group":[],"rop_publish_now":"initial","rop_publish_now_accounts":[],"rop_publish_now_history":[],"rop_publish_now_status":"pending","footnotes":""},"class_list":["post-69","page","type-page","status-publish","hentry"],"yoast_head":"<!-- This site is optimized with the Yoast SEO plugin v27.4 - https:\/\/yoast.com\/product\/yoast-seo-wordpress\/ -->\n<title>Sitemap | Donald R. Rice, DDS<\/title>\n<meta name=\"robots\" content=\"index, follow, max-snippet:-1, max-image-preview:large, max-video-preview:-1\" \/>\n<link rel=\"canonical\" href=\"https:\/\/drdonaldrice.com\/es\/mapa-del-sitio\/\" \/>\n<meta property=\"og:locale\" content=\"es_MX\" \/>\n<meta property=\"og:type\" content=\"article\" \/>\n<meta property=\"og:title\" content=\"Sitemap | Donald R. Rice, DDS\" \/>\n<meta property=\"og:url\" content=\"https:\/\/drdonaldrice.com\/es\/mapa-del-sitio\/\" \/>\n<meta property=\"og:site_name\" content=\"Donald R. Rice, DDS\" \/>\n<meta property=\"article:modified_time\" content=\"2025-03-24T02:36:54+00:00\" \/>\n<meta name=\"twitter:card\" content=\"summary_large_image\" \/>\n<meta name=\"twitter:label1\" content=\"Est. reading time\" \/>\n\t<meta name=\"twitter:data1\" content=\"1 minuto\" \/>\n<script type=\"application\/ld+json\" class=\"yoast-schema-graph\">{\"@context\":\"https:\\\/\\\/schema.org\",\"@graph\":[{\"@type\":\"WebPage\",\"@id\":\"https:\\\/\\\/drdonaldrice.com\\\/sitemap\\\/\",\"url\":\"https:\\\/\\\/drdonaldrice.com\\\/sitemap\\\/\",\"name\":\"Sitemap | Donald R. Rice, DDS\",\"isPartOf\":{\"@id\":\"https:\\\/\\\/drdonaldrice.com\\\/#website\"},\"datePublished\":\"2025-03-18T05:06:13+00:00\",\"dateModified\":\"2025-03-24T02:36:54+00:00\",\"breadcrumb\":{\"@id\":\"https:\\\/\\\/drdonaldrice.com\\\/sitemap\\\/#breadcrumb\"},\"inLanguage\":\"es\",\"potentialAction\":[{\"@type\":\"ReadAction\",\"target\":[\"https:\\\/\\\/drdonaldrice.com\\\/sitemap\\\/\"]}]},{\"@type\":\"BreadcrumbList\",\"@id\":\"https:\\\/\\\/drdonaldrice.com\\\/sitemap\\\/#breadcrumb\",\"itemListElement\":[{\"@type\":\"ListItem\",\"position\":1,\"name\":\"Home\",\"item\":\"https:\\\/\\\/drdonaldrice.com\\\/\"},{\"@type\":\"ListItem\",\"position\":2,\"name\":\"Sitemap\"}]},{\"@type\":\"WebSite\",\"@id\":\"https:\\\/\\\/drdonaldrice.com\\\/#website\",\"url\":\"https:\\\/\\\/drdonaldrice.com\\\/\",\"name\":\"Donald R. Rice, DDS\",\"description\":\"General, Cosmetic &amp; Implant Dentistry in Denver, CO\",\"potentialAction\":[{\"@type\":\"SearchAction\",\"target\":{\"@type\":\"EntryPoint\",\"urlTemplate\":\"https:\\\/\\\/drdonaldrice.com\\\/?s={search_term_string}\"},\"query-input\":{\"@type\":\"PropertyValueSpecification\",\"valueRequired\":true,\"valueName\":\"search_term_string\"}}],\"inLanguage\":\"es\"}]}<\/script>\n<!-- \/ Yoast SEO plugin. -->","yoast_head_json":{"title":"Mapa del sitio | Donald R. Rice, DDS","robots":{"index":"index","follow":"follow","max-snippet":"max-snippet:-1","max-image-preview":"max-image-preview:large","max-video-preview":"max-video-preview:-1"},"canonical":"https:\/\/drdonaldrice.com\/es\/mapa-del-sitio\/","og_locale":"es_MX","og_type":"article","og_title":"Sitemap | Donald R. Rice, DDS","og_url":"https:\/\/drdonaldrice.com\/es\/mapa-del-sitio\/","og_site_name":"Donald R. Rice, DDS","article_modified_time":"2025-03-24T02:36:54+00:00","twitter_card":"summary_large_image","twitter_misc":{"Est. reading time":"1 minuto"},"schema":{"@context":"https:\/\/schema.org","@graph":[{"@type":"WebPage","@id":"https:\/\/drdonaldrice.com\/sitemap\/","url":"https:\/\/drdonaldrice.com\/sitemap\/","name":"Mapa del sitio | Donald R. Rice, DDS","isPartOf":{"@id":"https:\/\/drdonaldrice.com\/#website"},"datePublished":"2025-03-18T05:06:13+00:00","dateModified":"2025-03-24T02:36:54+00:00","breadcrumb":{"@id":"https:\/\/drdonaldrice.com\/sitemap\/#breadcrumb"},"inLanguage":"es","potentialAction":[{"@type":"ReadAction","target":["https:\/\/drdonaldrice.com\/sitemap\/"]}]},{"@type":"BreadcrumbList","@id":"https:\/\/drdonaldrice.com\/sitemap\/#breadcrumb","itemListElement":[{"@type":"ListItem","position":1,"name":"Home","item":"https:\/\/drdonaldrice.com\/"},{"@type":"ListItem","position":2,"name":"Sitemap"}]},{"@type":"WebSite","@id":"https:\/\/drdonaldrice.com\/#website","url":"https:\/\/drdonaldrice.com\/","name":"Donald R. Rice, Doctor en Cirug\u00eda Dental","description":"Odontolog\u00eda general, cosm\u00e9tica e implantes dentales en Denver, Colorado.","potentialAction":[{"@type":"SearchAction","target":{"@type":"EntryPoint","urlTemplate":"https:\/\/drdonaldrice.com\/?s={search_term_string}"},"query-input":{"@type":"PropertyValueSpecification","valueRequired":true,"valueName":"search_term_string"}}],"inLanguage":"es"}]}},"_links":{"self":[{"href":"https:\/\/drdonaldrice.com\/es\/wp-json\/wp\/v2\/pages\/69","targetHints":{"allow":["GET"]}}],"collection":[{"href":"https:\/\/drdonaldrice.com\/es\/wp-json\/wp\/v2\/pages"}],"about":[{"href":"https:\/\/drdonaldrice.com\/es\/wp-json\/wp\/v2\/types\/page"}],"author":[{"embeddable":true,"href":"https:\/\/drdonaldrice.com\/es\/wp-json\/wp\/v2\/users\/4"}],"replies":[{"embeddable":true,"href":"https:\/\/drdonaldrice.com\/es\/wp-json\/wp\/v2\/comments?post=69"}],"version-history":[{"count":0,"href":"https:\/\/drdonaldrice.com\/es\/wp-json\/wp\/v2\/pages\/69\/revisions"}],"wp:attachment":[{"href":"https:\/\/drdonaldrice.com\/es\/wp-json\/wp\/v2\/media?parent=69"}],"curies":[{"name":"wp","href":"https:\/\/api.w.org\/{rel}","templated":true}]}}