{"id":765,"date":"2025-12-04T15:49:03","date_gmt":"2025-12-04T20:49:03","guid":{"rendered":"https:\/\/donaldricedds.wpenginepowered.com\/?page_id=765"},"modified":"2025-12-04T15:53:24","modified_gmt":"2025-12-04T20:53:24","slug":"tratamiento-de-conducto-radicular-en-denver-colorado","status":"publish","type":"page","link":"https:\/\/drdonaldrice.com\/es\/root-canal-treatment-in-denver-co\/","title":{"rendered":"Tratamiento de conducto radicular en Denver, Colorado"},"content":{"rendered":"<section class=\"section\" id=\"section_263292130\">\n\t\t<div class=\"section-bg fill\" >\n\t\t\t\t\t\t\t\t\t\n\t\t\t\n\n\t\t<\/div>\n\n\t\t\n\n\t\t<div class=\"section-content relative\">\n\t\t\t\n<div class=\"row\"  id=\"row-1926541745\">\n\n\t<div id=\"col-331888918\" class=\"col medium-8 small-12 large-8\"  >\n\t\t\t\t<div class=\"col-inner\"  >\n\t\t\t\n\t\t\t\n<h1>Tratamiento de conducto radicular en Denver, Colorado<\/h1>\n<p>Si un componente de su autom\u00f3vil se descompone, \u00bftiran todo el autom\u00f3vil? Lo m\u00e1s probable es que simplemente reparen esa pieza o la reemplacen para que su veh\u00edculo vuelva a funcionar. El tratamiento de conducto radicular funciona de manera similar, ya que el Dr. Rice busca tratar sus problemas dentales manteniendo sus dientes naturales intactos siempre que sea posible. Cuando una infecci\u00f3n afecta a un diente, existe el riesgo de que sea necesario extraerlo para mantener una sonrisa saludable. Afortunadamente, el tratamiento de conducto radicular es una soluci\u00f3n espec\u00edfica que restaura el diente sin causar da\u00f1os innecesarios. Al eliminar la infecci\u00f3n, el Dr. Rice puede aliviar el dolor dental, prevenir problemas futuros y evitar la extracci\u00f3n del diente.<\/p>\n<h2>\u00bfQu\u00e9 es el tratamiento de conducto?<\/h2>\n<p>Para entender el tratamiento de conducto radicular, primero debe conocer la diferencia entre un conducto radicular estructural y un procedimiento de conducto radicular.<\/p>\n<p>Un diente tiene varias capas, siendo la m\u00e1s interna la m\u00e1s sensible.<\/p>\n<p><img loading=\"lazy\" decoding=\"async\" class=\"wp-image-759 alignright\" src=\"http:\/\/drdonaldrice.com\/wp-content\/uploads\/2025\/12\/Root-Canal-Treatment-in-Denver-CO-Save-Your-Tooth-Dr.-Rice-500x400.jpg\" alt=\"Tratamiento de conducto radicular en Denver, Colorado | \u00a1Salve su diente! | Dr. Rice\" width=\"421\" height=\"337\" srcset=\"https:\/\/drdonaldrice.com\/wp-content\/uploads\/2025\/12\/Root-Canal-Treatment-in-Denver-CO-Save-Your-Tooth-Dr.-Rice-500x400.jpg 500w, https:\/\/drdonaldrice.com\/wp-content\/uploads\/2025\/12\/Root-Canal-Treatment-in-Denver-CO-Save-Your-Tooth-Dr.-Rice-1000x800.jpg 1000w, https:\/\/drdonaldrice.com\/wp-content\/uploads\/2025\/12\/Root-Canal-Treatment-in-Denver-CO-Save-Your-Tooth-Dr.-Rice-768x614.jpg 768w, https:\/\/drdonaldrice.com\/wp-content\/uploads\/2025\/12\/Root-Canal-Treatment-in-Denver-CO-Save-Your-Tooth-Dr.-Rice-1536x1229.jpg 1536w, https:\/\/drdonaldrice.com\/wp-content\/uploads\/2025\/12\/Root-Canal-Treatment-in-Denver-CO-Save-Your-Tooth-Dr.-Rice-2048x1638.jpg 2048w\" sizes=\"auto, (max-width: 421px) 100vw, 421px\" \/>Primero est\u00e1 el esmalte, o capa externa dura de color blanco que se ve al sonre\u00edr. Luego est\u00e1 la dentina, una capa amarillenta que es blanda y sensible a los cambios de temperatura. Por \u00faltimo, est\u00e1 la parte interna, que alberga tanto la c\u00e1mara pulpar como el conducto radicular.<\/p>\n<p>La c\u00e1mara pulpar es un espacio abierto dentro del diente que contiene <strong><a href=\"https:\/\/my.clevelandclinic.org\/health\/body\/24659-tooth-pulp\" target=\"_blank\" rel=\"noopener\">pulpa dental<\/a><\/strong>, o un conjunto de vasos sangu\u00edneos, tejidos conectivos y nervios. Esta pulpa tambi\u00e9n llega hasta los conductos radiculares, que son estrechos pasajes que atraviesan las ra\u00edces de los dientes.<\/p>\n<p>Cuando las bacterias superan tanto el esmalte como la dentina del diente, dejan la pulpa vulnerable a las infecciones. \u00a1El tratamiento de conducto radicular ayuda a eliminar la pulpa dental infectada, limpiar las ra\u00edces de la infecci\u00f3n y sellar el da\u00f1o!<\/p>\n<h2>\u00bfPor qu\u00e9 podr\u00eda necesitar un tratamiento de conducto?<\/h2>\n<p>Debido a que la pulpa contiene nervios sensibles, una infecci\u00f3n puede causar un dolor dental intenso y persistente. Si no se trata, esta infecci\u00f3n empeorar\u00e1 y, con el tiempo, debilitar\u00e1 la enc\u00eda y el tejido \u00f3seo responsables de mantener el diente en su lugar. Para proteger los dientes adyacentes de la propagaci\u00f3n de bacterias, es posible que sea necesario extraer el diente problem\u00e1tico. <a href=\"https:\/\/drdonaldrice.com\/es\/extraccion-dental-en-denver-colorado\/\"><strong>una extracci\u00f3n<\/strong><\/a>.<\/p>\n<p>\u00a1Pero la extracci\u00f3n de un diente causa diferentes problemas y requiere un reemplazo inmediato! Para preservar la estructura natural de sus dientes y mantener una sonrisa saludable, el Dr. Rice realiza tratamientos de conducto de forma rutinaria.<\/p>\n<p>Los signos que indican que puede necesitar un tratamiento de conducto radicular incluyen:<\/p>\n<ul>\n<li><strong>Dolor dental persistente<\/strong><\/li>\n<li><strong>Sensibilidad a las temperaturas<\/strong><\/li>\n<li><strong>Decoloraci\u00f3n del diente<\/strong><\/li>\n<li><strong>Enc\u00edas inflamadas o abscesos<\/strong><\/li>\n<li><strong>Caries profundas o cavidades grandes<\/strong><\/li>\n<\/ul>\n<p>Si experimenta alguno de estos s\u00edntomas, \u00a1llame al Dr. Rice lo antes posible! \u00c9l le dar\u00e1 una cita lo antes posible. <a href=\"https:\/\/drdonaldrice.com\/es\/dentista-de-urgencia-en-denver-colorado\/\"><strong>cita de emergencia<\/strong><\/a> para realizar un tratamiento de conducto radicular que alivie su dolor.<\/p>\n<h2>Desglosando el tratamiento de conducto radicular<\/h2>\n<p>Cuando acuda a la consulta por dolor dental o una posible infecci\u00f3n en la ra\u00edz, el Dr. Rice le realizar\u00e1 un examen dental completo para evaluar la gravedad de su problema. En muchos casos, incluso utilizar\u00e1 tecnolog\u00eda innovadora de rayos X para determinar la ubicaci\u00f3n y la causa de su dolor dental.<\/p>\n<p>Para comenzar el tratamiento de conducto, el Dr. Rice le adormecer\u00e1 la sonrisa. Para aquellos que sufren de ansiedad dental y necesitan ayuda para relajarse, tambi\u00e9n ofrece <a href=\"https:\/\/drdonaldrice.com\/es\/odontologia-con-sedacion-en-denver-colorado\/\"><strong>Opciones de sedaci\u00f3n eficaces<\/strong><\/a> que le mantendr\u00e1n c\u00f3modo durante todo el procedimiento. A continuaci\u00f3n, colocar\u00e1 un dique dental alrededor del diente problem\u00e1tico para aislarlo y mantenerlo seco.<\/p>\n<p>Con instrumentos dentales especiales, crear\u00e1 una peque\u00f1a abertura en la corona del diente para acceder a la c\u00e1mara pulpar. A continuaci\u00f3n, extraer\u00e1 con cuidado la pulpa del interior del conducto radicular y desinfectar\u00e1 la zona. Para sellar el diente y protegerlo de una nueva infecci\u00f3n, rellenar\u00e1 los conductos con un material llamado gutapercha.<\/p>\n<p>Finalmente, el Dr. Rice colocar\u00e1 un empaste o un <a href=\"https:\/\/drdonaldrice.com\/es\/coronas-dentales-en-denver-colorado\/\"><strong>corona dental<\/strong><\/a> en el diente para fortalecer su estructura.<\/p>\n<p>El tratamiento de conducto tiene mala reputaci\u00f3n por ser doloroso. Pero, en realidad, un tratamiento de conducto proporciona m\u00e1s alivio del dolor que lo que causa.\u00a0<span style=\"box-sizing: border-box; margin: 0px; padding: 0px;\">causas<\/span>. Despu\u00e9s de la visita, la mayor\u00eda de los pacientes sienten un alivio inmediato y solo experimentan cierta sensibilidad durante unos d\u00edas.<\/p>\n<h2>\u00a1Salve su diente de la extracci\u00f3n con el Dr. Rice!<\/h2>\n<p>Si le duele un diente, puede que haya una forma de aliviar el dolor. <em>y<\/em> evitar una extracci\u00f3n. Con un tratamiento de conducto, el Dr. Rice puede eliminar la infecci\u00f3n de su diente y ayudar a fortalecer su estructura. Si tiene un dolor dental intenso y necesita una soluci\u00f3n, <a href=\"https:\/\/drdonaldrice.com\/es\/contactenos\/\"><strong>Visite al Dr. Rice en Denver, Colorado.<\/strong><\/a>, para determinar si necesita un tratamiento de conducto.<\/p>\n\t\t<\/div>\n\t\t\t\t\t<\/div>\n\n\t\n\n\t<div id=\"col-1146511349\" class=\"col medium-4 small-12 large-4\"  >\n\t\t\t\t<div class=\"col-inner\"  >\n\t\t\t\n\t\t\t\n<ul class=\"sidebar-wrapper ul-reset\"><aside id=\"text-5\" class=\"widget widget_text\">\t\t\t<div class=\"textwidget\"><div class=\"wpcf7 no-js\" id=\"wpcf7-f9-o1\" lang=\"en-US\" dir=\"ltr\" data-wpcf7-id=\"9\">\n<div class=\"screen-reader-response\">\n<p role=\"status\" aria-live=\"polite\" aria-atomic=\"true\">\n<ul><\/ul>\n<\/div>\n<form action=\"\/es\/wp-json\/wp\/v2\/pages\/765#wpcf7-f9-o1\" method=\"post\" class=\"wpcf7-form init cf7mls-no-scroll cf7mls-no-moving-animation\" aria-label=\"Formulario de contacto\" novalidate=\"novalidate\" data-status=\"init\" data-trp-original-action=\"\/es\/wp-json\/wp\/v2\/pages\/765#wpcf7-f9-o1\">\n<fieldset class=\"hidden-fields-container\"><input type=\"hidden\" name=\"_wpcf7\" value=\"9\" \/><input type=\"hidden\" name=\"_wpcf7_version\" value=\"6.1.5\" \/><input type=\"hidden\" name=\"_wpcf7_locale\" value=\"en_US\" \/><input type=\"hidden\" name=\"_wpcf7_unit_tag\" value=\"wpcf7-f9-o1\" \/><input type=\"hidden\" name=\"_wpcf7_container_post\" value=\"0\" \/><input type=\"hidden\" name=\"_wpcf7_posted_data_hash\" value=\"\" \/><input type=\"hidden\" name=\"_wpcf7cf_hidden_group_fields\" value=\"[]\" \/><input type=\"hidden\" name=\"_wpcf7cf_hidden_groups\" value=\"[]\" \/><input type=\"hidden\" name=\"_wpcf7cf_visible_groups\" value=\"[]\" \/><input type=\"hidden\" name=\"_wpcf7cf_repeaters\" value=\"[]\" \/><input type=\"hidden\" name=\"_wpcf7cf_steps\" value=\"{}\" \/><input type=\"hidden\" name=\"_wpcf7cf_options\" value=\"{&quot;form_id&quot;:9,&quot;conditions&quot;:[],&quot;settings&quot;:{&quot;animation&quot;:&quot;yes&quot;,&quot;animation_intime&quot;:200,&quot;animation_outtime&quot;:200,&quot;conditions_ui&quot;:&quot;normal&quot;,&quot;notice_dismissed&quot;:false}}\" \/><br \/>\n<\/fieldset>\n<p><center><\/p>\n<h3>SOLICITAR UNA CONSULTA<br \/>\n\t<\/h3>\n<p><\/center><\/p>\n<hr \/>\n<p><center><\/p>\n<p><span class=\"wpcf7-form-control-wrap\" data-name=\"your-name\"><input size=\"40\" maxlength=\"400\" class=\"wpcf7-form-control wpcf7-text wpcf7-validates-as-required\" aria-required=\"true\" aria-invalid=\"false\" placeholder=\"Nombre\" value=\"\" type=\"text\" name=\"your-name\" \/><\/span>\n\t<\/p>\n<p><span class=\"wpcf7-form-control-wrap\" data-name=\"your-email\"><input size=\"40\" maxlength=\"400\" class=\"wpcf7-form-control wpcf7-email wpcf7-validates-as-required wpcf7-text wpcf7-validates-as-email\" aria-required=\"true\" aria-invalid=\"false\" placeholder=\"Correo electr\u00f3nico\" value=\"\" type=\"email\" name=\"your-email\" \/><\/span>\n\t<\/p>\n<p><span class=\"wpcf7-form-control-wrap\" data-name=\"tel-545\"><input size=\"40\" maxlength=\"400\" class=\"wpcf7-form-control wpcf7-tel wpcf7-text wpcf7-validates-as-tel\" aria-invalid=\"false\" placeholder=\"N\u00famero de tel\u00e9fono\" value=\"\" type=\"tel\" name=\"tel-545\" \/><\/span>\n\t<\/p>\n<p><span class=\"wpcf7-form-control-wrap\" data-name=\"your-message\"><textarea cols=\"40\" rows=\"10\" maxlength=\"2000\" class=\"wpcf7-form-control wpcf7-textarea\" aria-invalid=\"false\" placeholder=\"\u00bfC\u00f3mo puede ayudar la Dra. Rice?\" name=\"your-message\"><\/textarea><\/span>\n\t<\/p>\n<p><input class=\"wpcf7-form-control wpcf7-submit has-spinner button\" type=\"submit\" value=\"Enviar solicitud\" \/>\n\t<\/p>\n<p><\/center><input\n                    class=\"apbct_special_field apbct_email_id__wp_contact_form_7\"\n                    name=\"apbct__email_id__wp_contact_form_7\"\n                    aria-label=\"apbct__label_id__wp_contact_form_7\"\n                    type=\"text\" size=\"30\" maxlength=\"200\" autocomplete=\"off\"\n                    value=\"\"\n                \/><\/p>\n<div class=\"wpcf7-response-output\" aria-hidden=\"true\"><\/div>\n<input type=\"hidden\" name=\"trp-form-language\" value=\"es\"\/><\/form>\n<\/div>\n<\/div>\n\t\t<\/aside><aside id=\"text-6\" class=\"widget widget_text\">\t\t\t<div class=\"textwidget\"><p><a href=\"https:\/\/drdonaldrice.com\/es\/cuestionario-sobre-implantes-dentales\/\"><img loading=\"lazy\" decoding=\"async\" id=\"longdesc-return-736\" class=\"alignnone wp-image-736 size-full\" tabindex=\"-1\" src=\"http:\/\/drdonaldrice.com\/wp-content\/uploads\/2025\/11\/Mini-Implant-Quiz.png\" alt=\"Mini cuestionario sobre implantes\" width=\"1080\" height=\"1350\" longdesc=\"https:\/\/drdonaldrice.com?longdesc=736&amp;referrer=0\" srcset=\"https:\/\/drdonaldrice.com\/wp-content\/uploads\/2025\/11\/Mini-Implant-Quiz.png 1080w, https:\/\/drdonaldrice.com\/wp-content\/uploads\/2025\/11\/Mini-Implant-Quiz-320x400.png 320w, https:\/\/drdonaldrice.com\/wp-content\/uploads\/2025\/11\/Mini-Implant-Quiz-640x800.png 640w, https:\/\/drdonaldrice.com\/wp-content\/uploads\/2025\/11\/Mini-Implant-Quiz-768x960.png 768w, https:\/\/drdonaldrice.com\/wp-content\/uploads\/2025\/11\/Mini-Implant-Quiz-10x12.png 10w\" sizes=\"auto, (max-width: 1080px) 100vw, 1080px\" \/><\/a><\/p>\n<\/div>\n\t\t<\/aside><aside id=\"nav_menu-2\" class=\"widget widget_nav_menu\"><span class=\"widget-title\"><span>Nuestros servicios<\/span><\/span><div class=\"is-divider small\"><\/div><div class=\"menu-our-services-container\"><ul id=\"menu-our-services\" class=\"menu\"><li id=\"menu-item-748\" class=\"menu-item menu-item-type-post_type menu-item-object-page menu-item-748\"><a href=\"https:\/\/drdonaldrice.com\/es\/cosmetic-dentistry-in-denver-co\/\">Odontolog\u00eda est\u00e9tica<\/a><\/li>\n<li id=\"menu-item-741\" class=\"menu-item menu-item-type-post_type menu-item-object-page menu-item-741\"><a href=\"https:\/\/drdonaldrice.com\/es\/dental-crowns-in-denver-co\/\">Coronas dentales<\/a><\/li>\n<li id=\"menu-item-740\" class=\"menu-item menu-item-type-post_type menu-item-object-page menu-item-740\"><a href=\"https:\/\/drdonaldrice.com\/es\/dental-bridge-in-denver-co\/\">Puentes dentales<\/a><\/li>\n<li id=\"menu-item-747\" class=\"menu-item menu-item-type-post_type menu-item-object-page menu-item-747\"><a href=\"https:\/\/drdonaldrice.com\/es\/porcelain-veneers-in-denver-co\/\">Carillas de porcelana<\/a><\/li>\n<li id=\"menu-item-769\" class=\"menu-item menu-item-type-post_type menu-item-object-page menu-item-769\"><a href=\"https:\/\/drdonaldrice.com\/es\/tmj-splint-in-denver-co\/\">F\u00e9rulas para la ATM<\/a><\/li>\n<li id=\"menu-item-737\" class=\"menu-item menu-item-type-post_type menu-item-object-page menu-item-737\"><a href=\"https:\/\/drdonaldrice.com\/es\/teeth-whitening-in-denver-co\/\">Blanqueamiento dental<\/a><\/li>\n<li id=\"menu-item-751\" class=\"menu-item menu-item-type-post_type menu-item-object-page menu-item-751\"><a href=\"https:\/\/drdonaldrice.com\/es\/dental-implants-in-denver-co\/\">Implantes dentales<\/a><\/li>\n<li id=\"menu-item-750\" class=\"menu-item menu-item-type-post_type menu-item-object-page menu-item-750\"><a href=\"https:\/\/drdonaldrice.com\/es\/mini-dental-implants-in-denver-co\/\">Mini implantes dentales<\/a><\/li>\n<li id=\"menu-item-739\" class=\"menu-item menu-item-type-post_type menu-item-object-page menu-item-739\"><a href=\"https:\/\/drdonaldrice.com\/es\/tooth-extractions-in-denver-co\/\">Extracci\u00f3n dental<\/a><\/li>\n<li id=\"menu-item-745\" class=\"menu-item menu-item-type-post_type menu-item-object-page menu-item-745\"><a href=\"https:\/\/drdonaldrice.com\/es\/oral-surgery-in-denver-co\/\">Cirug\u00eda oral<\/a><\/li>\n<li id=\"menu-item-749\" class=\"menu-item menu-item-type-post_type menu-item-object-page menu-item-749\"><a href=\"https:\/\/drdonaldrice.com\/es\/emergency-dentist-in-denver-co\/\">Dentista de urgencia<\/a><\/li>\n<li id=\"menu-item-770\" class=\"menu-item menu-item-type-post_type menu-item-object-page menu-item-770\"><a href=\"https:\/\/drdonaldrice.com\/es\/root-canal-treatment-in-denver-co\/\">Tratamiento de conducto radicular<\/a><\/li>\n<li id=\"menu-item-744\" class=\"menu-item menu-item-type-post_type menu-item-object-page menu-item-744\"><a href=\"https:\/\/drdonaldrice.com\/es\/dentures-in-denver-co\/\">Dentaduras postizas<\/a><\/li>\n<li id=\"menu-item-743\" class=\"menu-item menu-item-type-post_type menu-item-object-page menu-item-743\"><a href=\"https:\/\/drdonaldrice.com\/es\/implant-dentures-in-denver-co\/\">Pr\u00f3tesis dentales implantadas<\/a><\/li>\n<li id=\"menu-item-746\" class=\"menu-item menu-item-type-post_type menu-item-object-page menu-item-746\"><a href=\"https:\/\/drdonaldrice.com\/es\/full-arch-dental-implants-in-denver-co\/\">Implantes dentales de arco completo<\/a><\/li>\n<li id=\"menu-item-742\" class=\"menu-item menu-item-type-post_type menu-item-object-page menu-item-742\"><a href=\"https:\/\/drdonaldrice.com\/es\/full-mouth-reconstruction-in-denver-co\/\">Reconstrucci\u00f3n completa de la boca<\/a><\/li>\n<li id=\"menu-item-738\" class=\"menu-item menu-item-type-post_type menu-item-object-page menu-item-738\"><a href=\"https:\/\/drdonaldrice.com\/es\/sedation-dentistry-in-denver-co\/\">Odontolog\u00eda con sedaci\u00f3n<\/a><\/li>\n<\/ul><\/div><\/aside><\/ul>\n\t\t<\/div>\n\t\t\t\t\t<\/div>\n\n\t\n<\/div>\n\t\t<\/div>\n\n\t\t\n<style>\n#section_263292130 {\n  padding-top: 30px;\n  padding-bottom: 30px;\n}\n<\/style>\n\t<\/section>","protected":false},"excerpt":{"rendered":"","protected":false},"author":8,"featured_media":759,"parent":0,"menu_order":0,"comment_status":"closed","ping_status":"closed","template":"","meta":{"rop_custom_images_group":[],"rop_custom_messages_group":[],"rop_publish_now":"initial","rop_publish_now_accounts":[],"rop_publish_now_history":[],"rop_publish_now_status":"pending","footnotes":""},"class_list":["post-765","page","type-page","status-publish","has-post-thumbnail","hentry"],"yoast_head":"<!-- This site is optimized with the Yoast SEO plugin v27.4 - https:\/\/yoast.com\/product\/yoast-seo-wordpress\/ -->\n<title>Root Canal Treatment in Denver, CO | Save Your Tooth! | Dr. Rice<\/title>\n<meta name=\"description\" content=\"If you&#039;re experiencing tooth pain, it may be a root canal infection. Visit Dr. Rice in Denver, CO, to learn if you need root canal treatment!\" \/>\n<meta name=\"robots\" content=\"index, follow, max-snippet:-1, max-image-preview:large, max-video-preview:-1\" \/>\n<link rel=\"canonical\" href=\"https:\/\/drdonaldrice.com\/es\/tratamiento-de-conducto-radicular-en-denver-colorado\/\" \/>\n<meta property=\"og:locale\" content=\"es_MX\" \/>\n<meta property=\"og:type\" content=\"article\" \/>\n<meta property=\"og:title\" content=\"Root Canal Treatment in Denver, CO | Save Your Tooth! | Dr. Rice\" \/>\n<meta property=\"og:description\" content=\"If you&#039;re experiencing tooth pain, it may be a root canal infection. Visit Dr. Rice in Denver, CO, to learn if you need root canal treatment!\" \/>\n<meta property=\"og:url\" content=\"https:\/\/drdonaldrice.com\/es\/tratamiento-de-conducto-radicular-en-denver-colorado\/\" \/>\n<meta property=\"og:site_name\" content=\"Donald R. Rice, DDS\" \/>\n<meta property=\"article:modified_time\" content=\"2025-12-04T20:53:24+00:00\" \/>\n<meta property=\"og:image\" content=\"https:\/\/drdonaldrice.com\/wp-content\/uploads\/2025\/12\/Root-Canal-Treatment-in-Denver-CO-Save-Your-Tooth-Dr.-Rice.jpg\" \/>\n\t<meta property=\"og:image:width\" content=\"2500\" \/>\n\t<meta property=\"og:image:height\" content=\"2000\" \/>\n\t<meta property=\"og:image:type\" content=\"image\/jpeg\" \/>\n<meta name=\"twitter:card\" content=\"summary_large_image\" \/>\n<meta name=\"twitter:label1\" content=\"Est. reading time\" \/>\n\t<meta name=\"twitter:data1\" content=\"4 minutos\" \/>\n<script type=\"application\/ld+json\" class=\"yoast-schema-graph\">{\"@context\":\"https:\\\/\\\/schema.org\",\"@graph\":[{\"@type\":\"WebPage\",\"@id\":\"https:\\\/\\\/drdonaldrice.com\\\/root-canal-treatment-in-denver-co\\\/\",\"url\":\"https:\\\/\\\/drdonaldrice.com\\\/root-canal-treatment-in-denver-co\\\/\",\"name\":\"Root Canal Treatment in Denver, CO | Save Your Tooth! | Dr. Rice\",\"isPartOf\":{\"@id\":\"https:\\\/\\\/drdonaldrice.com\\\/#website\"},\"primaryImageOfPage\":{\"@id\":\"https:\\\/\\\/drdonaldrice.com\\\/root-canal-treatment-in-denver-co\\\/#primaryimage\"},\"image\":{\"@id\":\"https:\\\/\\\/drdonaldrice.com\\\/root-canal-treatment-in-denver-co\\\/#primaryimage\"},\"thumbnailUrl\":\"https:\\\/\\\/drdonaldrice.com\\\/wp-content\\\/uploads\\\/2025\\\/12\\\/Root-Canal-Treatment-in-Denver-CO-Save-Your-Tooth-Dr.-Rice.jpg\",\"datePublished\":\"2025-12-04T20:49:03+00:00\",\"dateModified\":\"2025-12-04T20:53:24+00:00\",\"description\":\"If you're experiencing tooth pain, it may be a root canal infection. Visit Dr. Rice in Denver, CO, to learn if you need root canal treatment!\",\"breadcrumb\":{\"@id\":\"https:\\\/\\\/drdonaldrice.com\\\/root-canal-treatment-in-denver-co\\\/#breadcrumb\"},\"inLanguage\":\"es\",\"potentialAction\":[{\"@type\":\"ReadAction\",\"target\":[\"https:\\\/\\\/drdonaldrice.com\\\/root-canal-treatment-in-denver-co\\\/\"]}]},{\"@type\":\"ImageObject\",\"inLanguage\":\"es\",\"@id\":\"https:\\\/\\\/drdonaldrice.com\\\/root-canal-treatment-in-denver-co\\\/#primaryimage\",\"url\":\"https:\\\/\\\/drdonaldrice.com\\\/wp-content\\\/uploads\\\/2025\\\/12\\\/Root-Canal-Treatment-in-Denver-CO-Save-Your-Tooth-Dr.-Rice.jpg\",\"contentUrl\":\"https:\\\/\\\/drdonaldrice.com\\\/wp-content\\\/uploads\\\/2025\\\/12\\\/Root-Canal-Treatment-in-Denver-CO-Save-Your-Tooth-Dr.-Rice.jpg\",\"width\":2500,\"height\":2000,\"caption\":\"Root Canal Treatment in Denver, CO | Save Your Tooth! | Dr. Rice\"},{\"@type\":\"BreadcrumbList\",\"@id\":\"https:\\\/\\\/drdonaldrice.com\\\/root-canal-treatment-in-denver-co\\\/#breadcrumb\",\"itemListElement\":[{\"@type\":\"ListItem\",\"position\":1,\"name\":\"Home\",\"item\":\"https:\\\/\\\/drdonaldrice.com\\\/\"},{\"@type\":\"ListItem\",\"position\":2,\"name\":\"Root Canal Treatment in Denver, CO\"}]},{\"@type\":\"WebSite\",\"@id\":\"https:\\\/\\\/drdonaldrice.com\\\/#website\",\"url\":\"https:\\\/\\\/drdonaldrice.com\\\/\",\"name\":\"Donald R. Rice, DDS\",\"description\":\"General, Cosmetic &amp; Implant Dentistry in Denver, CO\",\"potentialAction\":[{\"@type\":\"SearchAction\",\"target\":{\"@type\":\"EntryPoint\",\"urlTemplate\":\"https:\\\/\\\/drdonaldrice.com\\\/?s={search_term_string}\"},\"query-input\":{\"@type\":\"PropertyValueSpecification\",\"valueRequired\":true,\"valueName\":\"search_term_string\"}}],\"inLanguage\":\"es\"}]}<\/script>\n<!-- \/ Yoast SEO plugin. -->","yoast_head_json":{"title":"Tratamiento de conducto radicular en Denver, Colorado | \u00a1Salve su diente! | Dr. Rice","description":"Si tiene dolor de dientes, puede que se trate de una infecci\u00f3n en la ra\u00edz dental. \u00a1Visite al Dr. Rice en Denver, Colorado, para saber si necesita un tratamiento de conducto radicular!","robots":{"index":"index","follow":"follow","max-snippet":"max-snippet:-1","max-image-preview":"max-image-preview:large","max-video-preview":"max-video-preview:-1"},"canonical":"https:\/\/drdonaldrice.com\/es\/tratamiento-de-conducto-radicular-en-denver-colorado\/","og_locale":"es_MX","og_type":"article","og_title":"Root Canal Treatment in Denver, CO | Save Your Tooth! | Dr. Rice","og_description":"If you're experiencing tooth pain, it may be a root canal infection. Visit Dr. Rice in Denver, CO, to learn if you need root canal treatment!","og_url":"https:\/\/drdonaldrice.com\/es\/tratamiento-de-conducto-radicular-en-denver-colorado\/","og_site_name":"Donald R. Rice, DDS","article_modified_time":"2025-12-04T20:53:24+00:00","og_image":[{"width":2500,"height":2000,"url":"https:\/\/drdonaldrice.com\/wp-content\/uploads\/2025\/12\/Root-Canal-Treatment-in-Denver-CO-Save-Your-Tooth-Dr.-Rice.jpg","type":"image\/jpeg"}],"twitter_card":"summary_large_image","twitter_misc":{"Est. reading time":"4 minutos"},"schema":{"@context":"https:\/\/schema.org","@graph":[{"@type":"WebPage","@id":"https:\/\/drdonaldrice.com\/root-canal-treatment-in-denver-co\/","url":"https:\/\/drdonaldrice.com\/root-canal-treatment-in-denver-co\/","name":"Tratamiento de conducto radicular en Denver, Colorado | \u00a1Salve su diente! | Dr. Rice","isPartOf":{"@id":"https:\/\/drdonaldrice.com\/#website"},"primaryImageOfPage":{"@id":"https:\/\/drdonaldrice.com\/root-canal-treatment-in-denver-co\/#primaryimage"},"image":{"@id":"https:\/\/drdonaldrice.com\/root-canal-treatment-in-denver-co\/#primaryimage"},"thumbnailUrl":"https:\/\/drdonaldrice.com\/wp-content\/uploads\/2025\/12\/Root-Canal-Treatment-in-Denver-CO-Save-Your-Tooth-Dr.-Rice.jpg","datePublished":"2025-12-04T20:49:03+00:00","dateModified":"2025-12-04T20:53:24+00:00","description":"Si tiene dolor de dientes, puede que se trate de una infecci\u00f3n en la ra\u00edz dental. \u00a1Visite al Dr. Rice en Denver, Colorado, para saber si necesita un tratamiento de conducto radicular!","breadcrumb":{"@id":"https:\/\/drdonaldrice.com\/root-canal-treatment-in-denver-co\/#breadcrumb"},"inLanguage":"es","potentialAction":[{"@type":"ReadAction","target":["https:\/\/drdonaldrice.com\/root-canal-treatment-in-denver-co\/"]}]},{"@type":"ImageObject","inLanguage":"es","@id":"https:\/\/drdonaldrice.com\/root-canal-treatment-in-denver-co\/#primaryimage","url":"https:\/\/drdonaldrice.com\/wp-content\/uploads\/2025\/12\/Root-Canal-Treatment-in-Denver-CO-Save-Your-Tooth-Dr.-Rice.jpg","contentUrl":"https:\/\/drdonaldrice.com\/wp-content\/uploads\/2025\/12\/Root-Canal-Treatment-in-Denver-CO-Save-Your-Tooth-Dr.-Rice.jpg","width":2500,"height":2000,"caption":"Root Canal Treatment in Denver, CO | Save Your Tooth! | Dr. Rice"},{"@type":"BreadcrumbList","@id":"https:\/\/drdonaldrice.com\/root-canal-treatment-in-denver-co\/#breadcrumb","itemListElement":[{"@type":"ListItem","position":1,"name":"Home","item":"https:\/\/drdonaldrice.com\/"},{"@type":"ListItem","position":2,"name":"Root Canal Treatment in Denver, CO"}]},{"@type":"WebSite","@id":"https:\/\/drdonaldrice.com\/#website","url":"https:\/\/drdonaldrice.com\/","name":"Donald R. Rice, Doctor en Cirug\u00eda Dental","description":"Odontolog\u00eda general, cosm\u00e9tica e implantes dentales en Denver, Colorado.","potentialAction":[{"@type":"SearchAction","target":{"@type":"EntryPoint","urlTemplate":"https:\/\/drdonaldrice.com\/?s={search_term_string}"},"query-input":{"@type":"PropertyValueSpecification","valueRequired":true,"valueName":"search_term_string"}}],"inLanguage":"es"}]}},"_links":{"self":[{"href":"https:\/\/drdonaldrice.com\/es\/wp-json\/wp\/v2\/pages\/765","targetHints":{"allow":["GET"]}}],"collection":[{"href":"https:\/\/drdonaldrice.com\/es\/wp-json\/wp\/v2\/pages"}],"about":[{"href":"https:\/\/drdonaldrice.com\/es\/wp-json\/wp\/v2\/types\/page"}],"author":[{"embeddable":true,"href":"https:\/\/drdonaldrice.com\/es\/wp-json\/wp\/v2\/users\/8"}],"replies":[{"embeddable":true,"href":"https:\/\/drdonaldrice.com\/es\/wp-json\/wp\/v2\/comments?post=765"}],"version-history":[{"count":0,"href":"https:\/\/drdonaldrice.com\/es\/wp-json\/wp\/v2\/pages\/765\/revisions"}],"wp:featuredmedia":[{"embeddable":true,"href":"https:\/\/drdonaldrice.com\/es\/wp-json\/wp\/v2\/media\/759"}],"wp:attachment":[{"href":"https:\/\/drdonaldrice.com\/es\/wp-json\/wp\/v2\/media?parent=765"}],"curies":[{"name":"wp","href":"https:\/\/api.w.org\/{rel}","templated":true}]}}