{"id":766,"date":"2025-12-04T15:50:41","date_gmt":"2025-12-04T20:50:41","guid":{"rendered":"https:\/\/donaldricedds.wpenginepowered.com\/?page_id=766"},"modified":"2025-12-04T16:04:57","modified_gmt":"2025-12-04T21:04:57","slug":"ferula-para-la-atm-en-denver-colorado","status":"publish","type":"page","link":"https:\/\/drdonaldrice.com\/es\/tmj-splint-in-denver-co\/","title":{"rendered":"F\u00e9rula para la ATM en Denver, Colorado"},"content":{"rendered":"<section class=\"section\" id=\"section_1281311723\">\n\t\t<div class=\"section-bg fill\" >\n\t\t\t\t\t\t\t\t\t\n\t\t\t\n\n\t\t<\/div>\n\n\t\t\n\n\t\t<div class=\"section-content relative\">\n\t\t\t\n<div class=\"row\"  id=\"row-1371130409\">\n\n\t<div id=\"col-1210559917\" class=\"col medium-8 small-12 large-8\"  >\n\t\t\t\t<div class=\"col-inner\"  >\n\t\t\t\n\t\t\t\n<h1>F\u00e9rula para la ATM en Denver, Colorado<\/h1>\n<p>Muchas personas adquieren el h\u00e1bito de decir \u201ctengo TMJ\u201d cuando sienten la mand\u00edbula tensa, dolorida o poco flexible. Es una frase f\u00e1cil, pero t\u00e9cnicamente solo significa que tienes una articulaci\u00f3n que todas las personas usan innumerables veces al d\u00eda. El problema no es su existencia, sino c\u00f3mo funciona. <em>funciones<\/em>. Cuando la articulaci\u00f3n pierde su ritmo fluido o los m\u00fasculos circundantes permanecen tensos, todo el sistema comienza a trabajar en tu contra en lugar de a tu favor. <strong><a href=\"https:\/\/drdonaldrice.com\/es\/quienes-somos\/\">Dr. Donald Rice<\/a><\/strong> eval\u00faa c\u00f3mo se mueve la mand\u00edbula, identifica d\u00f3nde comienza el desequilibrio y ofrece soluciones que favorecen un funcionamiento m\u00e1s saludable. Cuando la articulaci\u00f3n y los m\u00fasculos que la sostienen dejan de funcionar en armon\u00eda, comienzan a aparecer los s\u00edntomas. Una f\u00e9rula para la ATM suele ayudar a calmar este sistema, ya que reduce la tensi\u00f3n sobre la articulaci\u00f3n y le proporciona el apoyo que necesita para volver a funcionar con normalidad.<\/p>\n<h2>ATM frente a TMD: comprender la diferencia<\/h2>\n<h2 style=\"font-size: 23.04px;\"><img loading=\"lazy\" decoding=\"async\" class=\"wp-image-761 alignright\" src=\"http:\/\/drdonaldrice.com\/wp-content\/uploads\/2025\/12\/TMJ-Splint-in-Denver-CO-Treatment-for-TMD-Symptoms.jpg\" alt=\"F\u00e9rula para la ATM en Denver, Colorado | Tratamiento para los s\u00edntomas de la DTM\" width=\"414\" height=\"276\" \/><\/h2>\n<p>Todo el mundo tiene una articulaci\u00f3n temporomandibular en <strong><a href=\"https:\/\/www.nidcr.nih.gov\/health-info\/tmd#:~:text=Additional%20Resources-,Overview,-Healthy%20temporomandibular%20joint\" target=\"_blank\" rel=\"noopener\">cada lado de la mand\u00edbula<\/a><\/strong>. Dependes de estas articulaciones cada vez que hablas, masticas o mueves la mand\u00edbula de lado a lado. Funcionan como un sistema de bisagra y deslizamiento que conecta la mand\u00edbula inferior con el cr\u00e1neo. Su estructura te proporciona una impresionante amplitud de movimiento.<\/p>\n<p>La articulaci\u00f3n temporomandibular es una de las articulaciones m\u00e1s activas y complejas del cuerpo, ya que coordina los m\u00fasculos, ligamentos y nervios de toda la cara y la cabeza. Cuando todo funciona correctamente, la articulaci\u00f3n se mueve sin rigidez ni molestias. Sin embargo, cuando algo altera este equilibrio, pueden empezar a aparecer s\u00edntomas.<\/p>\n<p>Ah\u00ed es donde la distinci\u00f3n entre la articulaci\u00f3n en s\u00ed y un trastorno cobra importancia. Un \u201ctrastorno de la ATM\u201d, a menudo abreviado como TMD, describe un conjunto de afecciones que interfieren con el funcionamiento normal de la articulaci\u00f3n.<\/p>\n<h3>Signos y s\u00edntomas del TMD<\/h3>\n<p>El TMD afecta la forma en que la articulaci\u00f3n de la mand\u00edbula y los m\u00fasculos cercanos trabajan juntos. Cuando este sistema se tensa o se desequilibra, los signos suelen manifestarse en la forma en que se siente, se mueve y responde la mand\u00edbula a lo largo del d\u00eda. Estos cambios pueden aparecer gradualmente o volverse m\u00e1s pronunciados cuando est\u00e1s estresado, aprietas los dientes o ejerces una tensi\u00f3n adicional sobre la mand\u00edbula.<\/p>\n<p>Los s\u00edntomas y efectos comunes del TMD incluyen:<\/p>\n<ul>\n<li>Dolor o molestias en la mand\u00edbula al masticar, hablar o abrir la boca.<\/li>\n<li>Molestias alrededor de la oreja, la mejilla o las sienes.<\/li>\n<li>Sonidos de chasquido o estallido al mover la mand\u00edbula<\/li>\n<li>Sensaci\u00f3n de que la mand\u00edbula se atasca, se bloquea o se engancha durante el movimiento.<\/li>\n<li>Dolores de cabeza que se concentran en las sienes o la zona de los ojos.<\/li>\n<li>Tensi\u00f3n o dolor en el cuello o los hombros.<\/li>\n<li>Un cambio en la forma en que encajan los dientes al morder.<\/li>\n<\/ul>\n<h2>C\u00f3mo hacer su f\u00e9rula para la ATM<\/h2>\n<p>Una f\u00e9rula para la ATM debe ajustarse con precisi\u00f3n a su mordida, por lo que el proceso comienza con un examen minucioso del movimiento de su mand\u00edbula. El Dr. Rice eval\u00faa la posici\u00f3n de su mand\u00edbula, comprueba la tensi\u00f3n muscular e identifica el tipo de f\u00e9rula que favorecer\u00e1 un funcionamiento m\u00e1s saludable. Su objetivo es guiar su mand\u00edbula hacia una posici\u00f3n que reduzca la tensi\u00f3n y favorezca un movimiento m\u00e1s suave.<\/p>\n<p>Para recopilar la informaci\u00f3n necesaria, el Dr. Rice toma impresiones de sus dientes superiores e inferiores. Estos registros se convierten en modelos f\u00edsicos o digitales que muestran la forma exacta de su mordida. Este paso le ayuda a planificar una f\u00e9rula que apoye la forma natural en que su mand\u00edbula se abre, se cierra y se desplaza.<\/p>\n<p data-start=\"1018\" data-end=\"1383\">Una vez que los modelos est\u00e1n listos, comienza la fabricaci\u00f3n. Se calienta una l\u00e1mina de material acr\u00edlico o termopl\u00e1stico hasta que se ablanda y, a continuaci\u00f3n, se moldea sobre el modelo de sus dientes aplicando una presi\u00f3n controlada. Esta t\u00e9cnica ayuda a que el material se adapte al contorno de su mordida. A continuaci\u00f3n, se recorta, pule y alisa la f\u00e9rula para que resulte c\u00f3moda al colocarla en la boca.<\/p>\n<p data-start=\"1385\" data-end=\"1583\">Cuando el dispositivo est\u00e1 listo, regresas al consultorio para una prueba. El Dr. Rice revisa c\u00f3mo tus dientes hacen contacto con la f\u00e9rula y ajusta la superficie para que tu mand\u00edbula pueda moverse de manera uniforme sin tensi\u00f3n innecesaria.<\/p>\n<h3>Elegir la f\u00e9rula mandibular adecuada<\/h3>\n<p>Las f\u00e9rulas para la ATM vienen en varias formas, cada una con un prop\u00f3sito espec\u00edfico. La opci\u00f3n m\u00e1s com\u00fan es la f\u00e9rula de estabilizaci\u00f3n, a menudo llamada f\u00e9rula plana o protector nocturno. Cubre los dientes superiores o inferiores y proporciona una superficie estable sobre la que descansar la mand\u00edbula. Este tipo de f\u00e9rula ayuda a relajar los m\u00fasculos, limita el rechinar de dientes y reduce la tensi\u00f3n en la articulaci\u00f3n temporomandibular mientras duermes.<\/p>\n<p>Otra categor\u00eda incluye las f\u00e9rulas de reposicionamiento, que gu\u00edan la mand\u00edbula inferior a una posici\u00f3n diferente. Por lo general, se utilizan cuando el Dr. Rice necesita ayudar a recuperar un disco que hace clic o crear una relaci\u00f3n mandibular m\u00e1s funcional. Debido a que estos dispositivos influyen en la posici\u00f3n de la mand\u00edbula, requieren un control cuidadoso y un uso a corto plazo.<\/p>\n<p>En todas estas opciones, el objetivo es el mismo. Cada f\u00e9rula act\u00faa apoyando o modificando la forma en que encajan las mand\u00edbulas, de modo que la articulaci\u00f3n y los m\u00fasculos circundantes puedan trabajar con menos tensi\u00f3n. Algunas f\u00e9rulas estabilizan, otras reposicionan y otras ayudan a relajar los m\u00fasculos. Aunque sus dise\u00f1os difieren, comparten el mismo objetivo: mejorar la funci\u00f3n de la articulaci\u00f3n y reducir los s\u00edntomas del TMD mediante el apoyo mec\u00e1nico y una mejor alineaci\u00f3n.<\/p>\n<h2>Explore soluciones c\u00f3modas para los s\u00edntomas del TMD<\/h2>\n<p>Los s\u00edntomas del TMD pueden afectar su comodidad diaria, desde la forma en que mastica hasta c\u00f3mo se siente la mand\u00edbula al despertarse. Una f\u00e9rula personalizada para la ATM puede aliviar la presi\u00f3n, mejorar la funci\u00f3n y ayudar a restablecer el equilibrio de la mordida. <strong><a href=\"https:\/\/drdonaldrice.com\/es\/contactenos\/\">Reserve una consulta gratuita<\/a><\/strong> para obtener m\u00e1s informaci\u00f3n sobre c\u00f3mo la terapia con f\u00e9rulas personalizadas puede mejorar la salud de su mand\u00edbula y aliviar sus s\u00edntomas.<\/p>\n\t\t<\/div>\n\t\t\t\t\t<\/div>\n\n\t\n\n\t<div id=\"col-1113869792\" class=\"col medium-4 small-12 large-4\"  >\n\t\t\t\t<div class=\"col-inner\"  >\n\t\t\t\n\t\t\t\n<ul class=\"sidebar-wrapper ul-reset\"><aside id=\"text-5\" class=\"widget widget_text\">\t\t\t<div class=\"textwidget\"><div class=\"wpcf7 no-js\" id=\"wpcf7-f9-o1\" lang=\"en-US\" dir=\"ltr\" data-wpcf7-id=\"9\">\n<div class=\"screen-reader-response\">\n<p role=\"status\" aria-live=\"polite\" aria-atomic=\"true\">\n<ul><\/ul>\n<\/div>\n<form action=\"\/es\/wp-json\/wp\/v2\/pages\/766#wpcf7-f9-o1\" method=\"post\" class=\"wpcf7-form init cf7mls-no-scroll cf7mls-no-moving-animation\" aria-label=\"Formulario de contacto\" novalidate=\"novalidate\" data-status=\"init\" data-trp-original-action=\"\/es\/wp-json\/wp\/v2\/pages\/766#wpcf7-f9-o1\">\n<fieldset class=\"hidden-fields-container\"><input type=\"hidden\" name=\"_wpcf7\" value=\"9\" \/><input type=\"hidden\" name=\"_wpcf7_version\" value=\"6.1.5\" \/><input type=\"hidden\" name=\"_wpcf7_locale\" value=\"en_US\" \/><input type=\"hidden\" name=\"_wpcf7_unit_tag\" value=\"wpcf7-f9-o1\" \/><input type=\"hidden\" name=\"_wpcf7_container_post\" value=\"0\" \/><input type=\"hidden\" name=\"_wpcf7_posted_data_hash\" value=\"\" \/><input type=\"hidden\" name=\"_wpcf7cf_hidden_group_fields\" value=\"[]\" \/><input type=\"hidden\" name=\"_wpcf7cf_hidden_groups\" value=\"[]\" \/><input type=\"hidden\" name=\"_wpcf7cf_visible_groups\" value=\"[]\" \/><input type=\"hidden\" name=\"_wpcf7cf_repeaters\" value=\"[]\" \/><input type=\"hidden\" name=\"_wpcf7cf_steps\" value=\"{}\" \/><input type=\"hidden\" name=\"_wpcf7cf_options\" value=\"{&quot;form_id&quot;:9,&quot;conditions&quot;:[],&quot;settings&quot;:{&quot;animation&quot;:&quot;yes&quot;,&quot;animation_intime&quot;:200,&quot;animation_outtime&quot;:200,&quot;conditions_ui&quot;:&quot;normal&quot;,&quot;notice_dismissed&quot;:false}}\" \/><br \/>\n<\/fieldset>\n<p><center><\/p>\n<h3>SOLICITAR UNA CONSULTA<br \/>\n\t<\/h3>\n<p><\/center><\/p>\n<hr \/>\n<p><center><\/p>\n<p><span class=\"wpcf7-form-control-wrap\" data-name=\"your-name\"><input size=\"40\" maxlength=\"400\" class=\"wpcf7-form-control wpcf7-text wpcf7-validates-as-required\" aria-required=\"true\" aria-invalid=\"false\" placeholder=\"Nombre\" value=\"\" type=\"text\" name=\"your-name\" \/><\/span>\n\t<\/p>\n<p><span class=\"wpcf7-form-control-wrap\" data-name=\"your-email\"><input size=\"40\" maxlength=\"400\" class=\"wpcf7-form-control wpcf7-email wpcf7-validates-as-required wpcf7-text wpcf7-validates-as-email\" aria-required=\"true\" aria-invalid=\"false\" placeholder=\"Correo electr\u00f3nico\" value=\"\" type=\"email\" name=\"your-email\" \/><\/span>\n\t<\/p>\n<p><span class=\"wpcf7-form-control-wrap\" data-name=\"tel-545\"><input size=\"40\" maxlength=\"400\" class=\"wpcf7-form-control wpcf7-tel wpcf7-text wpcf7-validates-as-tel\" aria-invalid=\"false\" placeholder=\"N\u00famero de tel\u00e9fono\" value=\"\" type=\"tel\" name=\"tel-545\" \/><\/span>\n\t<\/p>\n<p><span class=\"wpcf7-form-control-wrap\" data-name=\"your-message\"><textarea cols=\"40\" rows=\"10\" maxlength=\"2000\" class=\"wpcf7-form-control wpcf7-textarea\" aria-invalid=\"false\" placeholder=\"\u00bfC\u00f3mo puede ayudar la Dra. Rice?\" name=\"your-message\"><\/textarea><\/span>\n\t<\/p>\n<p><input class=\"wpcf7-form-control wpcf7-submit has-spinner button\" type=\"submit\" value=\"Enviar solicitud\" \/>\n\t<\/p>\n<p><\/center><input\n                    class=\"apbct_special_field apbct_email_id__wp_contact_form_7\"\n                    name=\"apbct__email_id__wp_contact_form_7\"\n                    aria-label=\"apbct__label_id__wp_contact_form_7\"\n                    type=\"text\" size=\"30\" maxlength=\"200\" autocomplete=\"off\"\n                    value=\"\"\n                \/><\/p>\n<div class=\"wpcf7-response-output\" aria-hidden=\"true\"><\/div>\n<input type=\"hidden\" name=\"trp-form-language\" value=\"es\"\/><\/form>\n<\/div>\n<\/div>\n\t\t<\/aside><aside id=\"text-6\" class=\"widget widget_text\">\t\t\t<div class=\"textwidget\"><p><a href=\"https:\/\/drdonaldrice.com\/es\/cuestionario-sobre-implantes-dentales\/\"><img loading=\"lazy\" decoding=\"async\" id=\"longdesc-return-736\" class=\"alignnone wp-image-736 size-full\" tabindex=\"-1\" src=\"http:\/\/drdonaldrice.com\/wp-content\/uploads\/2025\/11\/Mini-Implant-Quiz.png\" alt=\"Mini cuestionario sobre implantes\" width=\"1080\" height=\"1350\" longdesc=\"https:\/\/drdonaldrice.com?longdesc=736&amp;referrer=0\" srcset=\"https:\/\/drdonaldrice.com\/wp-content\/uploads\/2025\/11\/Mini-Implant-Quiz.png 1080w, https:\/\/drdonaldrice.com\/wp-content\/uploads\/2025\/11\/Mini-Implant-Quiz-320x400.png 320w, https:\/\/drdonaldrice.com\/wp-content\/uploads\/2025\/11\/Mini-Implant-Quiz-640x800.png 640w, https:\/\/drdonaldrice.com\/wp-content\/uploads\/2025\/11\/Mini-Implant-Quiz-768x960.png 768w, https:\/\/drdonaldrice.com\/wp-content\/uploads\/2025\/11\/Mini-Implant-Quiz-10x12.png 10w\" sizes=\"auto, (max-width: 1080px) 100vw, 1080px\" \/><\/a><\/p>\n<\/div>\n\t\t<\/aside><aside id=\"nav_menu-2\" class=\"widget widget_nav_menu\"><span class=\"widget-title\"><span>Nuestros servicios<\/span><\/span><div class=\"is-divider small\"><\/div><div class=\"menu-our-services-container\"><ul id=\"menu-our-services\" class=\"menu\"><li id=\"menu-item-748\" class=\"menu-item menu-item-type-post_type menu-item-object-page menu-item-748\"><a href=\"https:\/\/drdonaldrice.com\/es\/cosmetic-dentistry-in-denver-co\/\">Odontolog\u00eda est\u00e9tica<\/a><\/li>\n<li id=\"menu-item-741\" class=\"menu-item menu-item-type-post_type menu-item-object-page menu-item-741\"><a href=\"https:\/\/drdonaldrice.com\/es\/dental-crowns-in-denver-co\/\">Coronas dentales<\/a><\/li>\n<li id=\"menu-item-740\" class=\"menu-item menu-item-type-post_type menu-item-object-page menu-item-740\"><a href=\"https:\/\/drdonaldrice.com\/es\/dental-bridge-in-denver-co\/\">Puentes dentales<\/a><\/li>\n<li id=\"menu-item-747\" class=\"menu-item menu-item-type-post_type menu-item-object-page menu-item-747\"><a href=\"https:\/\/drdonaldrice.com\/es\/porcelain-veneers-in-denver-co\/\">Carillas de porcelana<\/a><\/li>\n<li id=\"menu-item-769\" class=\"menu-item menu-item-type-post_type menu-item-object-page menu-item-769\"><a href=\"https:\/\/drdonaldrice.com\/es\/tmj-splint-in-denver-co\/\">F\u00e9rulas para la ATM<\/a><\/li>\n<li id=\"menu-item-737\" class=\"menu-item menu-item-type-post_type menu-item-object-page menu-item-737\"><a href=\"https:\/\/drdonaldrice.com\/es\/teeth-whitening-in-denver-co\/\">Blanqueamiento dental<\/a><\/li>\n<li id=\"menu-item-751\" class=\"menu-item menu-item-type-post_type menu-item-object-page menu-item-751\"><a href=\"https:\/\/drdonaldrice.com\/es\/dental-implants-in-denver-co\/\">Implantes dentales<\/a><\/li>\n<li id=\"menu-item-750\" class=\"menu-item menu-item-type-post_type menu-item-object-page menu-item-750\"><a href=\"https:\/\/drdonaldrice.com\/es\/mini-dental-implants-in-denver-co\/\">Mini implantes dentales<\/a><\/li>\n<li id=\"menu-item-739\" class=\"menu-item menu-item-type-post_type menu-item-object-page menu-item-739\"><a href=\"https:\/\/drdonaldrice.com\/es\/tooth-extractions-in-denver-co\/\">Extracci\u00f3n dental<\/a><\/li>\n<li id=\"menu-item-745\" class=\"menu-item menu-item-type-post_type menu-item-object-page menu-item-745\"><a href=\"https:\/\/drdonaldrice.com\/es\/oral-surgery-in-denver-co\/\">Cirug\u00eda oral<\/a><\/li>\n<li id=\"menu-item-749\" class=\"menu-item menu-item-type-post_type menu-item-object-page menu-item-749\"><a href=\"https:\/\/drdonaldrice.com\/es\/emergency-dentist-in-denver-co\/\">Dentista de urgencia<\/a><\/li>\n<li id=\"menu-item-770\" class=\"menu-item menu-item-type-post_type menu-item-object-page menu-item-770\"><a href=\"https:\/\/drdonaldrice.com\/es\/root-canal-treatment-in-denver-co\/\">Tratamiento de conducto radicular<\/a><\/li>\n<li id=\"menu-item-744\" class=\"menu-item menu-item-type-post_type menu-item-object-page menu-item-744\"><a href=\"https:\/\/drdonaldrice.com\/es\/dentures-in-denver-co\/\">Dentaduras postizas<\/a><\/li>\n<li id=\"menu-item-743\" class=\"menu-item menu-item-type-post_type menu-item-object-page menu-item-743\"><a href=\"https:\/\/drdonaldrice.com\/es\/implant-dentures-in-denver-co\/\">Pr\u00f3tesis dentales implantadas<\/a><\/li>\n<li id=\"menu-item-746\" class=\"menu-item menu-item-type-post_type menu-item-object-page menu-item-746\"><a href=\"https:\/\/drdonaldrice.com\/es\/full-arch-dental-implants-in-denver-co\/\">Implantes dentales de arco completo<\/a><\/li>\n<li id=\"menu-item-742\" class=\"menu-item menu-item-type-post_type menu-item-object-page menu-item-742\"><a href=\"https:\/\/drdonaldrice.com\/es\/full-mouth-reconstruction-in-denver-co\/\">Reconstrucci\u00f3n completa de la boca<\/a><\/li>\n<li id=\"menu-item-738\" class=\"menu-item menu-item-type-post_type menu-item-object-page menu-item-738\"><a href=\"https:\/\/drdonaldrice.com\/es\/sedation-dentistry-in-denver-co\/\">Odontolog\u00eda con sedaci\u00f3n<\/a><\/li>\n<\/ul><\/div><\/aside><\/ul>\n\t\t<\/div>\n\t\t\t\t\t<\/div>\n\n\t\n<\/div>\n\t\t<\/div>\n\n\t\t\n<style>\n#section_1281311723 {\n  padding-top: 30px;\n  padding-bottom: 30px;\n}\n<\/style>\n\t<\/section>","protected":false},"excerpt":{"rendered":"","protected":false},"author":8,"featured_media":761,"parent":0,"menu_order":0,"comment_status":"closed","ping_status":"closed","template":"","meta":{"rop_custom_images_group":[],"rop_custom_messages_group":[],"rop_publish_now":"initial","rop_publish_now_accounts":[],"rop_publish_now_history":[],"rop_publish_now_status":"pending","footnotes":""},"class_list":["post-766","page","type-page","status-publish","has-post-thumbnail","hentry"],"yoast_head":"<!-- This site is optimized with the Yoast SEO plugin v27.4 - https:\/\/yoast.com\/product\/yoast-seo-wordpress\/ -->\n<title>TMJ Splint in Denver, CO | Treatment for TMD Symptoms<\/title>\n<meta name=\"description\" content=\"TMD symptoms can disrupt daily life. Discover how a personalized TMJ splint can help you reduce strain and improve comfort!\" \/>\n<meta name=\"robots\" content=\"index, follow, max-snippet:-1, max-image-preview:large, max-video-preview:-1\" \/>\n<link rel=\"canonical\" href=\"https:\/\/drdonaldrice.com\/es\/ferula-para-la-atm-en-denver-colorado\/\" \/>\n<meta property=\"og:locale\" content=\"es_MX\" \/>\n<meta property=\"og:type\" content=\"article\" \/>\n<meta property=\"og:title\" content=\"TMJ Splint in Denver, CO | Treatment for TMD Symptoms\" \/>\n<meta property=\"og:description\" content=\"TMD symptoms can disrupt daily life. Discover how a personalized TMJ splint can help you reduce strain and improve comfort!\" \/>\n<meta property=\"og:url\" content=\"https:\/\/drdonaldrice.com\/es\/ferula-para-la-atm-en-denver-colorado\/\" \/>\n<meta property=\"og:site_name\" content=\"Donald R. Rice, DDS\" \/>\n<meta property=\"article:modified_time\" content=\"2025-12-04T21:04:57+00:00\" \/>\n<meta property=\"og:image\" content=\"https:\/\/drdonaldrice.com\/wp-content\/uploads\/2025\/12\/TMJ-Splint-in-Denver-CO-Treatment-for-TMD-Symptoms.jpg\" \/>\n\t<meta property=\"og:image:width\" content=\"500\" \/>\n\t<meta property=\"og:image:height\" content=\"333\" \/>\n\t<meta property=\"og:image:type\" content=\"image\/jpeg\" \/>\n<meta name=\"twitter:card\" content=\"summary_large_image\" \/>\n<meta name=\"twitter:label1\" content=\"Est. reading time\" \/>\n\t<meta name=\"twitter:data1\" content=\"5 minutos\" \/>\n<script type=\"application\/ld+json\" class=\"yoast-schema-graph\">{\"@context\":\"https:\\\/\\\/schema.org\",\"@graph\":[{\"@type\":\"WebPage\",\"@id\":\"https:\\\/\\\/drdonaldrice.com\\\/tmj-splint-in-denver-co\\\/\",\"url\":\"https:\\\/\\\/drdonaldrice.com\\\/tmj-splint-in-denver-co\\\/\",\"name\":\"TMJ Splint in Denver, CO | Treatment for TMD Symptoms\",\"isPartOf\":{\"@id\":\"https:\\\/\\\/drdonaldrice.com\\\/#website\"},\"primaryImageOfPage\":{\"@id\":\"https:\\\/\\\/drdonaldrice.com\\\/tmj-splint-in-denver-co\\\/#primaryimage\"},\"image\":{\"@id\":\"https:\\\/\\\/drdonaldrice.com\\\/tmj-splint-in-denver-co\\\/#primaryimage\"},\"thumbnailUrl\":\"https:\\\/\\\/drdonaldrice.com\\\/wp-content\\\/uploads\\\/2025\\\/12\\\/TMJ-Splint-in-Denver-CO-Treatment-for-TMD-Symptoms.jpg\",\"datePublished\":\"2025-12-04T20:50:41+00:00\",\"dateModified\":\"2025-12-04T21:04:57+00:00\",\"description\":\"TMD symptoms can disrupt daily life. Discover how a personalized TMJ splint can help you reduce strain and improve comfort!\",\"breadcrumb\":{\"@id\":\"https:\\\/\\\/drdonaldrice.com\\\/tmj-splint-in-denver-co\\\/#breadcrumb\"},\"inLanguage\":\"es\",\"potentialAction\":[{\"@type\":\"ReadAction\",\"target\":[\"https:\\\/\\\/drdonaldrice.com\\\/tmj-splint-in-denver-co\\\/\"]}]},{\"@type\":\"ImageObject\",\"inLanguage\":\"es\",\"@id\":\"https:\\\/\\\/drdonaldrice.com\\\/tmj-splint-in-denver-co\\\/#primaryimage\",\"url\":\"https:\\\/\\\/drdonaldrice.com\\\/wp-content\\\/uploads\\\/2025\\\/12\\\/TMJ-Splint-in-Denver-CO-Treatment-for-TMD-Symptoms.jpg\",\"contentUrl\":\"https:\\\/\\\/drdonaldrice.com\\\/wp-content\\\/uploads\\\/2025\\\/12\\\/TMJ-Splint-in-Denver-CO-Treatment-for-TMD-Symptoms.jpg\",\"width\":500,\"height\":333,\"caption\":\"TMJ Splint in Denver, CO | Treatment for TMD Symptoms\"},{\"@type\":\"BreadcrumbList\",\"@id\":\"https:\\\/\\\/drdonaldrice.com\\\/tmj-splint-in-denver-co\\\/#breadcrumb\",\"itemListElement\":[{\"@type\":\"ListItem\",\"position\":1,\"name\":\"Home\",\"item\":\"https:\\\/\\\/drdonaldrice.com\\\/\"},{\"@type\":\"ListItem\",\"position\":2,\"name\":\"TMJ Splint in Denver, CO\"}]},{\"@type\":\"WebSite\",\"@id\":\"https:\\\/\\\/drdonaldrice.com\\\/#website\",\"url\":\"https:\\\/\\\/drdonaldrice.com\\\/\",\"name\":\"Donald R. Rice, DDS\",\"description\":\"General, Cosmetic &amp; Implant Dentistry in Denver, CO\",\"potentialAction\":[{\"@type\":\"SearchAction\",\"target\":{\"@type\":\"EntryPoint\",\"urlTemplate\":\"https:\\\/\\\/drdonaldrice.com\\\/?s={search_term_string}\"},\"query-input\":{\"@type\":\"PropertyValueSpecification\",\"valueRequired\":true,\"valueName\":\"search_term_string\"}}],\"inLanguage\":\"es\"}]}<\/script>\n<!-- \/ Yoast SEO plugin. -->","yoast_head_json":{"title":"F\u00e9rula para la ATM en Denver, Colorado | Tratamiento para los s\u00edntomas de la DTM","description":"Los s\u00edntomas del TMD pueden alterar la vida cotidiana. \u00a1Descubra c\u00f3mo una f\u00e9rula personalizada para la ATM puede ayudarle a reducir la tensi\u00f3n y mejorar su comodidad!","robots":{"index":"index","follow":"follow","max-snippet":"max-snippet:-1","max-image-preview":"max-image-preview:large","max-video-preview":"max-video-preview:-1"},"canonical":"https:\/\/drdonaldrice.com\/es\/ferula-para-la-atm-en-denver-colorado\/","og_locale":"es_MX","og_type":"article","og_title":"TMJ Splint in Denver, CO | Treatment for TMD Symptoms","og_description":"TMD symptoms can disrupt daily life. Discover how a personalized TMJ splint can help you reduce strain and improve comfort!","og_url":"https:\/\/drdonaldrice.com\/es\/ferula-para-la-atm-en-denver-colorado\/","og_site_name":"Donald R. Rice, DDS","article_modified_time":"2025-12-04T21:04:57+00:00","og_image":[{"width":500,"height":333,"url":"https:\/\/drdonaldrice.com\/wp-content\/uploads\/2025\/12\/TMJ-Splint-in-Denver-CO-Treatment-for-TMD-Symptoms.jpg","type":"image\/jpeg"}],"twitter_card":"summary_large_image","twitter_misc":{"Est. reading time":"5 minutos"},"schema":{"@context":"https:\/\/schema.org","@graph":[{"@type":"WebPage","@id":"https:\/\/drdonaldrice.com\/tmj-splint-in-denver-co\/","url":"https:\/\/drdonaldrice.com\/tmj-splint-in-denver-co\/","name":"F\u00e9rula para la ATM en Denver, Colorado | Tratamiento para los s\u00edntomas de la DTM","isPartOf":{"@id":"https:\/\/drdonaldrice.com\/#website"},"primaryImageOfPage":{"@id":"https:\/\/drdonaldrice.com\/tmj-splint-in-denver-co\/#primaryimage"},"image":{"@id":"https:\/\/drdonaldrice.com\/tmj-splint-in-denver-co\/#primaryimage"},"thumbnailUrl":"https:\/\/drdonaldrice.com\/wp-content\/uploads\/2025\/12\/TMJ-Splint-in-Denver-CO-Treatment-for-TMD-Symptoms.jpg","datePublished":"2025-12-04T20:50:41+00:00","dateModified":"2025-12-04T21:04:57+00:00","description":"Los s\u00edntomas del TMD pueden alterar la vida cotidiana. \u00a1Descubra c\u00f3mo una f\u00e9rula personalizada para la ATM puede ayudarle a reducir la tensi\u00f3n y mejorar su comodidad!","breadcrumb":{"@id":"https:\/\/drdonaldrice.com\/tmj-splint-in-denver-co\/#breadcrumb"},"inLanguage":"es","potentialAction":[{"@type":"ReadAction","target":["https:\/\/drdonaldrice.com\/tmj-splint-in-denver-co\/"]}]},{"@type":"ImageObject","inLanguage":"es","@id":"https:\/\/drdonaldrice.com\/tmj-splint-in-denver-co\/#primaryimage","url":"https:\/\/drdonaldrice.com\/wp-content\/uploads\/2025\/12\/TMJ-Splint-in-Denver-CO-Treatment-for-TMD-Symptoms.jpg","contentUrl":"https:\/\/drdonaldrice.com\/wp-content\/uploads\/2025\/12\/TMJ-Splint-in-Denver-CO-Treatment-for-TMD-Symptoms.jpg","width":500,"height":333,"caption":"TMJ Splint in Denver, CO | Treatment for TMD Symptoms"},{"@type":"BreadcrumbList","@id":"https:\/\/drdonaldrice.com\/tmj-splint-in-denver-co\/#breadcrumb","itemListElement":[{"@type":"ListItem","position":1,"name":"Home","item":"https:\/\/drdonaldrice.com\/"},{"@type":"ListItem","position":2,"name":"TMJ Splint in Denver, CO"}]},{"@type":"WebSite","@id":"https:\/\/drdonaldrice.com\/#website","url":"https:\/\/drdonaldrice.com\/","name":"Donald R. Rice, Doctor en Cirug\u00eda Dental","description":"Odontolog\u00eda general, cosm\u00e9tica e implantes dentales en Denver, Colorado.","potentialAction":[{"@type":"SearchAction","target":{"@type":"EntryPoint","urlTemplate":"https:\/\/drdonaldrice.com\/?s={search_term_string}"},"query-input":{"@type":"PropertyValueSpecification","valueRequired":true,"valueName":"search_term_string"}}],"inLanguage":"es"}]}},"_links":{"self":[{"href":"https:\/\/drdonaldrice.com\/es\/wp-json\/wp\/v2\/pages\/766","targetHints":{"allow":["GET"]}}],"collection":[{"href":"https:\/\/drdonaldrice.com\/es\/wp-json\/wp\/v2\/pages"}],"about":[{"href":"https:\/\/drdonaldrice.com\/es\/wp-json\/wp\/v2\/types\/page"}],"author":[{"embeddable":true,"href":"https:\/\/drdonaldrice.com\/es\/wp-json\/wp\/v2\/users\/8"}],"replies":[{"embeddable":true,"href":"https:\/\/drdonaldrice.com\/es\/wp-json\/wp\/v2\/comments?post=766"}],"version-history":[{"count":0,"href":"https:\/\/drdonaldrice.com\/es\/wp-json\/wp\/v2\/pages\/766\/revisions"}],"wp:featuredmedia":[{"embeddable":true,"href":"https:\/\/drdonaldrice.com\/es\/wp-json\/wp\/v2\/media\/761"}],"wp:attachment":[{"href":"https:\/\/drdonaldrice.com\/es\/wp-json\/wp\/v2\/media?parent=766"}],"curies":[{"name":"wp","href":"https:\/\/api.w.org\/{rel}","templated":true}]}}